{"id":3392,"date":"2021-04-28T17:24:59","date_gmt":"2021-05-31T16:06:12","guid":{"rendered":"https:\/\/shop.s-line.it\/prodotto\/cinta-antideslizante-fotoluminiscente\/"},"modified":"2022-01-28T11:07:26","modified_gmt":"2022-01-28T10:07:26","slug":"nastri-antiscivolo-fotoluminescenti","status":"publish","type":"product","link":"https:\/\/shop.s-line.it\/es\/prodotto\/nastri-antiscivolo-fotoluminescenti\/","title":{"rendered":"Cinta antideslizante fotoluminiscente"},"content":{"rendered":"<p><b>CINTA ANTIDESLIZANTE FOTOLUMINISCENTE <\/b><\/p>\n<section class=\"section-sm\">Cinta especial antideslizante con soporte de corind\u00f3n de grano fino (60 grit) adhesivo acr\u00edlico solvente modificado. Producto especialmente indicado para su colocaci\u00f3n en suelos y escalones para evitar el riesgo de ca\u00eddas. Excelente resistencia al pisoteo, los agentes atmosf\u00e9ricos, los rayos UV, los aceites, los detergentes y los solventes.<\/section>\n<section><\/section>\n<section>\n<div>\n<p><em><br \/>\nCaracter\u00edsticas t\u00e9cnicas:<\/em><\/p>\n<p>Espesor: 60 grit<br \/>\nProtector: papel monosiliconado blanco<br \/>\nSoporte: part\u00edculas abrasivas de corind\u00f3n luminiscentes<br \/>\nAdhesivo: acr\u00edlico solvente modificado<\/p>\n<p><em>Tama\u00f1os de rollos\u00a0<\/em><i>disponibles:<\/i><\/p>\n<p>19 mm x 16.5 m<br \/>\n25 mm x 16.5 m<br \/>\n50 mm x 16.5 m<br \/>\n100 mm x 16.5 m<\/p>\n<p>Marca: SL Adhesive &amp; Safety<\/p>\n<\/div>\n<\/section>\n","protected":false},"excerpt":{"rendered":"<p>Cinta especial antideslizante con soporte de corind\u00f3n de grano fino y adhesivo acr\u00edlico solvente modificado. Producto especialmente indicado para su colocaci\u00f3n en suelos y escalones para evitar el riesgo de ca\u00eddas. Excelente resistencia al pisoteo, los agentes atmosf\u00e9ricos, los rayos UV, los aceites, los detergentes y los solventes.<\/p>\n","protected":false},"featured_media":1389,"template":"","meta":[],"product_brand":[],"product_cat":[223,797],"product_tag":[471,504,802,803],"class_list":{"0":"post-3392","1":"product","2":"type-product","3":"status-publish","4":"has-post-thumbnail","6":"product_cat-nastri-sicurezza-es","7":"product_cat-productos-de-senalizacion","8":"product_tag-adhesivo-acrilico","9":"product_tag-areas-de-delimitacion","10":"product_tag-uso-en-exteriores","11":"product_tag-uso-interno-es","13":"first","14":"instock","15":"featured","16":"taxable","17":"shipping-taxable","18":"purchasable","19":"product-type-variable"},"_links":{"self":[{"href":"https:\/\/shop.s-line.it\/es\/wp-json\/wp\/v2\/product\/3392","targetHints":{"allow":["GET"]}}],"collection":[{"href":"https:\/\/shop.s-line.it\/es\/wp-json\/wp\/v2\/product"}],"about":[{"href":"https:\/\/shop.s-line.it\/es\/wp-json\/wp\/v2\/types\/product"}],"wp:featuredmedia":[{"embeddable":true,"href":"https:\/\/shop.s-line.it\/es\/wp-json\/wp\/v2\/media\/1389"}],"wp:attachment":[{"href":"https:\/\/shop.s-line.it\/es\/wp-json\/wp\/v2\/media?parent=3392"}],"wp:term":[{"taxonomy":"product_brand","embeddable":true,"href":"https:\/\/shop.s-line.it\/es\/wp-json\/wp\/v2\/product_brand?post=3392"},{"taxonomy":"product_cat","embeddable":true,"href":"https:\/\/shop.s-line.it\/es\/wp-json\/wp\/v2\/product_cat?post=3392"},{"taxonomy":"product_tag","embeddable":true,"href":"https:\/\/shop.s-line.it\/es\/wp-json\/wp\/v2\/product_tag?post=3392"}],"curies":[{"name":"wp","href":"https:\/\/api.w.org\/{rel}","templated":true}]}}