{"id":12194,"date":"2025-05-23T12:50:36","date_gmt":"2025-05-23T10:50:39","guid":{"rendered":"https:\/\/shop.s-line.it\/?post_type=product&#038;p=12194"},"modified":"2025-05-23T12:56:55","modified_gmt":"2025-05-23T10:56:55","slug":"s975-bande-tnt-double-face-de-haute-epaisseur-copia","status":"publish","type":"product","link":"https:\/\/shop.s-line.it\/fr\/prodotto\/s975-bande-tnt-double-face-de-haute-epaisseur-copia\/","title":{"rendered":"S975 Bande TNT double face de haute \u00e9paisseur (Copia)"},"content":{"rendered":"<p><strong>S975 REVERSE WOUND<\/strong><br \/>\n<strong>Bande TNT double face de haute\u00a0\u00e9paisseur <\/strong><\/p>\n<p>Bande TNT double face, \u00e9paisseur 0.10 mm, adh\u00e9sif acrylique \u00e0 solvant modifi\u00e9, protecteur papier bisiliconate blanche.<\/p>\n<p>Produit converti en sens inverse (S975\/r) avec un noyau plastique de 1&Prime; \u00e0 double chambre qui peut \u00eatre utilis\u00e9 aussi bien avec les distributeurs universels ATG qu&rsquo;avec l&rsquo;applicateur exclusif ATG900 fourni par SL qui assure une application rapide et propre.<\/p>\n<p>En plus du noyau standard, un syst\u00e8me innovant et alternatif de chambre perfor\u00e9e (Pcore) est disponible pour les rouleaux de 6 mm d&rsquo;\u00e9paisseur, qui peut \u00eatre appliqu\u00e9 \u00e0 l&rsquo;aide de simples adaptateurs fournis avec le distributeur ATG900. Le ruban de 6 mm avec noyau perfor\u00e9e (S975P\/r) est plac\u00e9 sur l&rsquo;adaptateur qui est commod\u00e9ment plac\u00e9 \u00e0 l&rsquo;int\u00e9rieur du bo\u00eetier de l&rsquo;applicateur ATG900.<\/p>\n<p><em>Caract\u00e9ristiques techniques:<\/em><\/p>\n<p>\u00c9paisseur: 100 \u00b5 (0.10 mm)<br \/>\nProtecteur: papier bisiliconate blanche 110 gr\/m2<br \/>\nSupport: TNT<br \/>\nAdh\u00e9sif: solvant acrylique<\/p>\n<p><em>Disponible en :<\/em><\/p>\n<p>Rouleaux avec noyau standard \u00e0 double chambre<\/p>\n<p>6 mm x 33 m<br \/>\n9 mm x 33 m<br \/>\n12 mm x 33 m<br \/>\n19 mm x 33 m<\/p>\n<p>Rouleaux avec noyau perfor\u00e9e Pcore<\/p>\n<p>6 mm x 33 m<\/p>\n<p>Marque: SL Adhesive &amp; Safety<\/p>\n","protected":false},"excerpt":{"rendered":"<p>Bande TNT double face, \u00e9paisseur 0.10 mm, adh\u00e9sif acrylique \u00e0 solvant modifi\u00e9, protecteur papier bisiliconate blanche.<\/p>\n<p>Produit converti en sens inverse (S975\/r) avec un noyau plastique de 1&Prime; \u00e0 double chambre qui peut \u00eatre utilis\u00e9 aussi bien avec les distributeurs universels ATG qu&rsquo;avec l&rsquo;applicateur exclusif ATG900 fourni par SL qui assure une application rapide et propre.<\/p>\n","protected":false},"featured_media":1456,"template":"","meta":[],"product_brand":[],"product_cat":[598,218,535],"product_tag":[468,510,477,482],"class_list":{"0":"post-12194","1":"product","2":"type-product","3":"status-publish","4":"has-post-thumbnail","6":"product_cat-atg-et-pcore","7":"product_cat-nastri-biadesivi-fr","8":"product_cat-ruban-adhesif-double-face-en-tnt","9":"product_tag-adhesif-acrylique","10":"product_tag-adhesion-forte","11":"product_tag-applicable-avec-le-distributeur-atg900","12":"product_tag-art-graphique","14":"first","15":"instock","16":"featured","17":"taxable","18":"shipping-taxable","19":"purchasable","20":"product-type-variable"},"_links":{"self":[{"href":"https:\/\/shop.s-line.it\/fr\/wp-json\/wp\/v2\/product\/12194","targetHints":{"allow":["GET"]}}],"collection":[{"href":"https:\/\/shop.s-line.it\/fr\/wp-json\/wp\/v2\/product"}],"about":[{"href":"https:\/\/shop.s-line.it\/fr\/wp-json\/wp\/v2\/types\/product"}],"wp:featuredmedia":[{"embeddable":true,"href":"https:\/\/shop.s-line.it\/fr\/wp-json\/wp\/v2\/media\/1456"}],"wp:attachment":[{"href":"https:\/\/shop.s-line.it\/fr\/wp-json\/wp\/v2\/media?parent=12194"}],"wp:term":[{"taxonomy":"product_brand","embeddable":true,"href":"https:\/\/shop.s-line.it\/fr\/wp-json\/wp\/v2\/product_brand?post=12194"},{"taxonomy":"product_cat","embeddable":true,"href":"https:\/\/shop.s-line.it\/fr\/wp-json\/wp\/v2\/product_cat?post=12194"},{"taxonomy":"product_tag","embeddable":true,"href":"https:\/\/shop.s-line.it\/fr\/wp-json\/wp\/v2\/product_tag?post=12194"}],"curies":[{"name":"wp","href":"https:\/\/api.w.org\/{rel}","templated":true}]}}