{"id":2051,"date":"2021-05-14T17:37:03","date_gmt":"2021-05-28T11:40:04","guid":{"rendered":"https:\/\/shop.s-line.it\/prodotto\/t921-bande-de-transfert-amovible-double-face\/"},"modified":"2022-01-28T10:53:38","modified_gmt":"2022-01-28T09:53:38","slug":"t921-reverse-wound-ciapa","status":"publish","type":"product","link":"https:\/\/shop.s-line.it\/fr\/prodotto\/t921-reverse-wound-ciapa\/","title":{"rendered":"T921 Bande transfert amovible double face"},"content":{"rendered":"<p><strong>T921 REVERSE WOUND<br \/>\nBande transfert amovible\u00a0double face<\/strong><\/p>\n<p>Le T921 est un ruban transfert avec un adh\u00e9sif amovible, d&rsquo;une \u00e9paisseur de 0.03 mm. Bande adh\u00e9sif sp\u00e9cial sans support, constitu\u00e9 d&rsquo;une masse adh\u00e9sive acrylique qui s&rsquo;enl\u00e8ve facilement sans laisser de r\u00e9sidu. Doublure papier bisiliconate blanche.<\/p>\n<div>\n<p>Le T921 est produit dans la version inverse en rouleau (T921\/r) avec un noyau plastique \u00e0 double chambre de 1\u2033 qui peut \u00eatre utilis\u00e9 aussi bien avec les distributeurs universels ATG qu&rsquo;avec l&rsquo;applicateur exclusif ATG900 fourni par SL qui assure une application rapide et propre.<\/p>\n<p>En plus du noyau standard, un syst\u00e8me innovant et alternatif de chambre perfor\u00e9e (Pcore) est disponible pour les rouleaux de 6 mm d&rsquo;\u00e9paisseur, qui peut \u00eatre appliqu\u00e9 \u00e0 l&rsquo;aide de simples adaptateurs fournis avec le distributeur ATG900. Le ruban de 6 mm avec noyau perfor\u00e9e (T921P\/r) se place sur l&rsquo;adaptateur qui est commod\u00e9ment plac\u00e9 \u00e0 l&rsquo;int\u00e9rieur de l&rsquo;engrenage de l&rsquo;applicateur ATG900.<\/p>\n<\/div>\n<div>\n<p><em>Caract\u00e9ristiques techniques:<\/em><\/p>\n<p>\u00c9paisseur: 30 \u00b5 (0.03 mm)<br \/>\nDoublure: papier bisiliconate blanche 67 gr\/m2<br \/>\nSupport: sans support<br \/>\nAdh\u00e9sif: solvant acrylique amovible<\/p>\n<\/div>\n<p><em>Disponible en:<\/em><\/p>\n<p>Rouleaux avec noyau standard \u00e0 double chambre<\/p>\n<p>6 mm x 50 m<br \/>\n9 mm x 50 m<br \/>\n12 mm x 50 m<br \/>\n19 mm x 50 m<\/p>\n<p>Rouleaux avec noyau perfor\u00e9e Pcore<\/p>\n<p>6 mm x 50 m<\/p>\n<p>Marque: SL Adhesive &amp; Safety<\/p>\n","protected":false},"excerpt":{"rendered":"<div class=\"product-short-description\">\n<p>Le T921 est un ruban transfert avec adh\u00e9sif amovible d&rsquo;une \u00e9paisseur de 0.03 mm. Bande adh\u00e9sif sp\u00e9cial sans support, constitu\u00e9 d&rsquo;une masse adh\u00e9sive acrylique qui s&rsquo;enl\u00e8ve facilement sans laisser de r\u00e9sidu. Doublure papier bisiliconate blanche.<br \/>\nUtilisable avec le distributeur ATG900.<\/p>\n<\/div>\n","protected":false},"featured_media":1516,"template":"","meta":[],"product_brand":[],"product_cat":[218],"product_tag":[472,477,482,487],"class_list":{"0":"post-2051","1":"product","2":"type-product","3":"status-publish","4":"has-post-thumbnail","6":"product_cat-nastri-biadesivi-fr","7":"product_tag-adhesif-amovible","8":"product_tag-applicable-avec-le-distributeur-atg900","9":"product_tag-art-graphique","10":"product_tag-ruban-adhesif-double-face-pour-lassemblage","12":"first","13":"instock","14":"featured","15":"taxable","16":"shipping-taxable","17":"purchasable","18":"product-type-variable"},"_links":{"self":[{"href":"https:\/\/shop.s-line.it\/fr\/wp-json\/wp\/v2\/product\/2051","targetHints":{"allow":["GET"]}}],"collection":[{"href":"https:\/\/shop.s-line.it\/fr\/wp-json\/wp\/v2\/product"}],"about":[{"href":"https:\/\/shop.s-line.it\/fr\/wp-json\/wp\/v2\/types\/product"}],"wp:featuredmedia":[{"embeddable":true,"href":"https:\/\/shop.s-line.it\/fr\/wp-json\/wp\/v2\/media\/1516"}],"wp:attachment":[{"href":"https:\/\/shop.s-line.it\/fr\/wp-json\/wp\/v2\/media?parent=2051"}],"wp:term":[{"taxonomy":"product_brand","embeddable":true,"href":"https:\/\/shop.s-line.it\/fr\/wp-json\/wp\/v2\/product_brand?post=2051"},{"taxonomy":"product_cat","embeddable":true,"href":"https:\/\/shop.s-line.it\/fr\/wp-json\/wp\/v2\/product_cat?post=2051"},{"taxonomy":"product_tag","embeddable":true,"href":"https:\/\/shop.s-line.it\/fr\/wp-json\/wp\/v2\/product_tag?post=2051"}],"curies":[{"name":"wp","href":"https:\/\/api.w.org\/{rel}","templated":true}]}}