{"id":2057,"date":"2021-05-11T16:45:02","date_gmt":"2021-05-28T11:46:26","guid":{"rendered":"https:\/\/shop.s-line.it\/prodotto\/recharges-tack-it\/"},"modified":"2022-01-28T11:08:32","modified_gmt":"2022-01-28T10:08:32","slug":"tack-it-rotoli-ricariche-ciapa","status":"publish","type":"product","link":"https:\/\/shop.s-line.it\/fr\/prodotto\/tack-it-rotoli-ricariche-ciapa\/","title":{"rendered":"Recharges Tack-it"},"content":{"rendered":"<p><strong>RECHARGES POUR ROULEAUX TACK-IT<\/strong><br \/>\n<strong>ATTACHABLE ET D\u00c9TACHABLE<\/strong><\/p>\n<p>Bande de papier adh\u00e9sif color\u00e9 inscriptible, amovible et repositionnable. Une fois termin\u00e9 le rouleau fourni avec le distributeur, on peut le r\u00e9int\u00e9grer avec les recharges disponibles en diff\u00e9rentes couleurs et formats selon l&rsquo;applicateur utilis\u00e9.<\/p>\n<p>Dot\u00e9 d&rsquo;un adh\u00e9sif amovible tr\u00e8s tenace, il s&rsquo;applique sur n&rsquo;importe quelle surface (papier, plastique, m\u00e9tal, bois, etc..) et vous permet de cr\u00e9er des notes de diff\u00e9rentes tailles en \u00e9vitant les d\u00e9chets inutiles. La surface enti\u00e8rement adh\u00e9sive assure une excellente adh\u00e9sion, un retrait facile sans r\u00e9sidu et la possibilit\u00e9 de fixer et de d\u00e9tacher la pi\u00e8ce souhait\u00e9e plusieurs fois sans perdre son pouvoir adh\u00e9sif.<\/p>\n<div>\n<p><em>Caract\u00e9ristiques techniques:<\/em><\/p>\n<p>\u00c9paisseur: 100 \u00b5 (0.10 mm)<br \/>\nAdh\u00e9sif: acrylique \u00e0 base d&rsquo;eau amovible<\/p>\n<hr \/>\n<p><em>Taille du rouleau Tack-it : 60 mm x 10 m<\/em><\/p>\n<p><em>Couleurs disponibles: jaune pastel, bleu pastel, vert pastel, rose pastel, jaune fluo, orange fluo, vert fluo, fuchsia fluo<\/em><\/p>\n<hr \/>\n<p><em>Taille du rouleau Tack-it Note : 60 mm x 10 m<\/em><\/p>\n<p><em>Couleurs disponibles: jaune pastel, bleu pastel, vert pastel, rose pastel, jaune fluo, orange fluo, vert fluo, fuchsia fluo<\/em><\/p>\n<hr \/>\n<p><em>Taille du rouleau Tack-it Car : 45 mm x 10 m<\/em><\/p>\n<p><em>Couleurs disponibles: jaune pastel<\/em><\/p>\n<hr \/>\n<p>Marque: SL Adhesive &amp; Safety<\/p>\n<\/div>\n","protected":false},"excerpt":{"rendered":"<p>Bande de papier adh\u00e9sif color\u00e9 inscriptible, amovible et repositionnable. Une fois termin\u00e9 le rouleau fourni avec le distributeur, on peut le r\u00e9int\u00e9grer avec les recharges disponibles en diff\u00e9rentes couleurs et formats selon l&rsquo;applicateur utilis\u00e9.<\/p>\n<p>Dot\u00e9 d&rsquo;un adh\u00e9sif amovible tr\u00e8s tenace, il s&rsquo;applique sur n&rsquo;importe quelle surface (papier, plastique, m\u00e9tal, bois, etc..) et vous permet de cr\u00e9er des notes de diff\u00e9rentes tailles en \u00e9vitant les d\u00e9chets inutiles. La surface enti\u00e8rement adh\u00e9sive assure une excellente adh\u00e9sion, un retrait facile sans r\u00e9sidu et la possibilit\u00e9 de fixer et de d\u00e9tacher la pi\u00e8ce souhait\u00e9e plusieurs fois sans perdre son pouvoir adh\u00e9sif.<\/p>\n","protected":false},"featured_media":10734,"template":"","meta":[],"product_brand":[],"product_cat":[231],"product_tag":[496,472,606,605,604],"class_list":{"0":"post-2057","1":"product","2":"type-product","3":"status-publish","4":"has-post-thumbnail","6":"product_cat-nastri-ufficio-fr","7":"product_tag-accueil","8":"product_tag-adhesif-amovible","9":"product_tag-bureau","10":"product_tag-ecole","11":"product_tag-ruban-inscriptible","13":"first","14":"instock","15":"featured","16":"taxable","17":"shipping-taxable","18":"purchasable","19":"product-type-variable"},"_links":{"self":[{"href":"https:\/\/shop.s-line.it\/fr\/wp-json\/wp\/v2\/product\/2057","targetHints":{"allow":["GET"]}}],"collection":[{"href":"https:\/\/shop.s-line.it\/fr\/wp-json\/wp\/v2\/product"}],"about":[{"href":"https:\/\/shop.s-line.it\/fr\/wp-json\/wp\/v2\/types\/product"}],"wp:featuredmedia":[{"embeddable":true,"href":"https:\/\/shop.s-line.it\/fr\/wp-json\/wp\/v2\/media\/10734"}],"wp:attachment":[{"href":"https:\/\/shop.s-line.it\/fr\/wp-json\/wp\/v2\/media?parent=2057"}],"wp:term":[{"taxonomy":"product_brand","embeddable":true,"href":"https:\/\/shop.s-line.it\/fr\/wp-json\/wp\/v2\/product_brand?post=2057"},{"taxonomy":"product_cat","embeddable":true,"href":"https:\/\/shop.s-line.it\/fr\/wp-json\/wp\/v2\/product_cat?post=2057"},{"taxonomy":"product_tag","embeddable":true,"href":"https:\/\/shop.s-line.it\/fr\/wp-json\/wp\/v2\/product_tag?post=2057"}],"curies":[{"name":"wp","href":"https:\/\/api.w.org\/{rel}","templated":true}]}}