{"id":2095,"date":"2021-05-11T16:43:01","date_gmt":"2021-05-28T11:48:11","guid":{"rendered":"https:\/\/shop.s-line.it\/prodotto\/tack-it-car\/"},"modified":"2022-01-28T10:53:44","modified_gmt":"2022-01-28T09:53:44","slug":"tack-it-car-ciapa-2","status":"publish","type":"product","link":"https:\/\/shop.s-line.it\/fr\/prodotto\/tack-it-car-ciapa-2\/","title":{"rendered":"Tack-it Car"},"content":{"rendered":"<p><strong>TACK-IT CAR<\/strong><br \/>\n<strong>ATTACHABLE ET D\u00c9TACHABLE<\/strong><br \/>\n<strong>Distributeur avec rouleau pour moyen de transport<\/strong><\/p>\n<p>Distributeur particulier con\u00e7u sp\u00e9cifiquement pour \u00eatre fix\u00e9 \u00e0 l&rsquo;int\u00e9rieur de chaque v\u00e9hicule gr\u00e2ce \u00e0 son support d\u00e9j\u00e0 \u00e9quip\u00e9 d&rsquo;un adh\u00e9sif double face. L&rsquo;applicateur peut \u00eatre retir\u00e9 facilement de la plaque de support et sa petite taille permet de le tenir dans la poche. Il est \u00e9quip\u00e9 d&rsquo;un porte-stylo pratique. Ce distributeur, \u00e9quip\u00e9 d&rsquo;un formidable ruban de papier inscriptible, amovible et repositionnable, vous permet de couper des notes enti\u00e8rement adh\u00e9sives \u00e0 la longueur souhait\u00e9e en \u00e9vitant le gaspillage, sans endommager et sans laisser de r\u00e9sidus sur les surfaces sur lesquelles il est pos\u00e9.<\/p>\n<p><em>Caract\u00e9ristiques techniques du ruban de papier:<\/em><\/p>\n<p>\u00c9paisseur: 100 \u00b5 (0.10 mm)<br \/>\nTaille du rouleau: 45 mm x 10 m<br \/>\nAdh\u00e9sif: acrylique \u00e0 base d&rsquo;eau amovible<\/p>\n<p><em>Couleurs disponibles du rouleau: jaune pastel<\/em><\/p>\n<p><strong><em>Un porte-stylo rouge est inclus dans le paquet<\/em><\/strong><\/p>\n<p>Marque: SL Adhesive &amp; Safety<\/p>\n","protected":false},"excerpt":{"rendered":"<p>Distributeur particulier con\u00e7u sp\u00e9cifiquement pour \u00eatre fix\u00e9 \u00e0 l&rsquo;int\u00e9rieur de chaque v\u00e9hicule gr\u00e2ce \u00e0 son support d\u00e9j\u00e0 \u00e9quip\u00e9 d&rsquo;un adh\u00e9sif double face. L&rsquo;applicateur peut \u00eatre retir\u00e9 facilement de la plaque de support et sa petite taille permet de le tenir dans la poche. Il est \u00e9quip\u00e9 d&rsquo;un porte-stylo pratique. Ce distributeur, \u00e9quip\u00e9 d&rsquo;un formidable ruban de papier inscriptible, amovible et repositionnable, vous permet de couper des notes enti\u00e8rement adh\u00e9sives \u00e0 la longueur souhait\u00e9e en \u00e9vitant le gaspillage, sans endommager et sans laisser de r\u00e9sidus sur les surfaces sur lesquelles il est pos\u00e9.<\/p>\n","protected":false},"featured_media":11032,"template":"","meta":[],"product_brand":[],"product_cat":[231],"product_tag":[496,472,606,605,604],"class_list":{"0":"post-2095","1":"product","2":"type-product","3":"status-publish","4":"has-post-thumbnail","6":"product_cat-nastri-ufficio-fr","7":"product_tag-accueil","8":"product_tag-adhesif-amovible","9":"product_tag-bureau","10":"product_tag-ecole","11":"product_tag-ruban-inscriptible","13":"first","14":"instock","15":"featured","16":"taxable","17":"shipping-taxable","18":"purchasable","19":"product-type-variable"},"_links":{"self":[{"href":"https:\/\/shop.s-line.it\/fr\/wp-json\/wp\/v2\/product\/2095","targetHints":{"allow":["GET"]}}],"collection":[{"href":"https:\/\/shop.s-line.it\/fr\/wp-json\/wp\/v2\/product"}],"about":[{"href":"https:\/\/shop.s-line.it\/fr\/wp-json\/wp\/v2\/types\/product"}],"wp:featuredmedia":[{"embeddable":true,"href":"https:\/\/shop.s-line.it\/fr\/wp-json\/wp\/v2\/media\/11032"}],"wp:attachment":[{"href":"https:\/\/shop.s-line.it\/fr\/wp-json\/wp\/v2\/media?parent=2095"}],"wp:term":[{"taxonomy":"product_brand","embeddable":true,"href":"https:\/\/shop.s-line.it\/fr\/wp-json\/wp\/v2\/product_brand?post=2095"},{"taxonomy":"product_cat","embeddable":true,"href":"https:\/\/shop.s-line.it\/fr\/wp-json\/wp\/v2\/product_cat?post=2095"},{"taxonomy":"product_tag","embeddable":true,"href":"https:\/\/shop.s-line.it\/fr\/wp-json\/wp\/v2\/product_tag?post=2095"}],"curies":[{"name":"wp","href":"https:\/\/api.w.org\/{rel}","templated":true}]}}