{"id":2097,"date":"2021-05-11T16:40:00","date_gmt":"2021-05-28T11:49:31","guid":{"rendered":"https:\/\/shop.s-line.it\/prodotto\/tack-it-note\/"},"modified":"2022-01-28T10:53:52","modified_gmt":"2022-01-28T09:53:52","slug":"tack-it-note-ciapa","status":"publish","type":"product","link":"https:\/\/shop.s-line.it\/fr\/prodotto\/tack-it-note-ciapa\/","title":{"rendered":"Tack-it Note"},"content":{"rendered":"<p><strong>TACK-IT NOTE<br \/>\nATTACHABLE ET D\u00c9TACHABLE<\/strong><br \/>\n<strong>distributeur avec rouleau<\/strong><\/p>\n<p>Distributeur particulier qui gr\u00e2ce \u00e0 ses deux rouleaux permet le d\u00e9roulement confortable du rouleau d&rsquo;adh\u00e9sif sur une base d&rsquo;\u00e9criture solide dont il est \u00e9quip\u00e9. Gr\u00e2ce \u00e0 la bande adh\u00e9sive double face incluse dans l&#8217;emballage, l&rsquo;applicateur peut \u00eatre fix\u00e9 sur n&rsquo;importe quelle surface, aussi bien verticalement qu&rsquo;horizontalement. Il a \u00e9galement un porte-stylo tr\u00e8s pratique sur le c\u00f4t\u00e9. Ce distributeur, \u00e9quip\u00e9 du formidable ruban de papier inscriptible, amovible et repositionnable, vous permet de couper des notes enti\u00e8rement adh\u00e9sives \u00e0 la longueur souhait\u00e9e en \u00e9vitant le gaspillage, sans endommager et sans laisser de r\u00e9sidus sur les surfaces sur lesquelles il est pos\u00e9.<\/p>\n<p><em>Caract\u00e9ristiques techniques du ruban de papier:<\/em><\/p>\n<p>\u00c9paisseur: 100 \u00b5 (0.10 mm)<br \/>\nTaille du rouleau: 60 mm x 10 m<br \/>\nAdh\u00e9sif: acrylique \u00e0 base d&rsquo;eau amovible<\/p>\n<p><em>Couleurs disponibles du rouleau: jaune pastel, bleu pastel, vert pastel, rose pastel, jaune fluo, orange fluo, vert fluo, fuchsia fluo<\/em><\/p>\n<p><strong><em>Le paquet comprend deux bandes de mousse blanche double-face et un porte-stylo rouge.<\/em><\/strong><\/p>\n<p>Marque: SL Adhesive &amp; Safety<\/p>\n","protected":false},"excerpt":{"rendered":"<p>Distributeur particulier qui gr\u00e2ce \u00e0 ses deux rouleaux permet le d\u00e9roulement confortable du rouleau d&rsquo;adh\u00e9sif sur une base d&rsquo;\u00e9criture solide dont il est \u00e9quip\u00e9. Gr\u00e2ce \u00e0 la bande adh\u00e9sive double face incluse dans l&#8217;emballage, l&rsquo;applicateur peut \u00eatre fix\u00e9 sur n&rsquo;importe quelle surface, aussi bien verticalement qu&rsquo;horizontalement. Il a \u00e9galement un porte-stylo tr\u00e8s pratique sur le c\u00f4t\u00e9. Ce distributeur, \u00e9quip\u00e9 du formidable ruban de papier inscriptible, amovible et repositionnable, vous permet de couper des notes enti\u00e8rement adh\u00e9sives \u00e0 la longueur souhait\u00e9e en \u00e9vitant le gaspillage, sans endommager et sans laisser de r\u00e9sidus sur les surfaces sur lesquelles il est pos\u00e9.<\/p>\n","protected":false},"featured_media":11026,"template":"","meta":[],"product_brand":[],"product_cat":[231],"product_tag":[496,472,606,605,604],"class_list":{"0":"post-2097","1":"product","2":"type-product","3":"status-publish","4":"has-post-thumbnail","6":"product_cat-nastri-ufficio-fr","7":"product_tag-accueil","8":"product_tag-adhesif-amovible","9":"product_tag-bureau","10":"product_tag-ecole","11":"product_tag-ruban-inscriptible","13":"first","14":"instock","15":"featured","16":"taxable","17":"shipping-taxable","18":"purchasable","19":"product-type-variable"},"_links":{"self":[{"href":"https:\/\/shop.s-line.it\/fr\/wp-json\/wp\/v2\/product\/2097","targetHints":{"allow":["GET"]}}],"collection":[{"href":"https:\/\/shop.s-line.it\/fr\/wp-json\/wp\/v2\/product"}],"about":[{"href":"https:\/\/shop.s-line.it\/fr\/wp-json\/wp\/v2\/types\/product"}],"wp:featuredmedia":[{"embeddable":true,"href":"https:\/\/shop.s-line.it\/fr\/wp-json\/wp\/v2\/media\/11026"}],"wp:attachment":[{"href":"https:\/\/shop.s-line.it\/fr\/wp-json\/wp\/v2\/media?parent=2097"}],"wp:term":[{"taxonomy":"product_brand","embeddable":true,"href":"https:\/\/shop.s-line.it\/fr\/wp-json\/wp\/v2\/product_brand?post=2097"},{"taxonomy":"product_cat","embeddable":true,"href":"https:\/\/shop.s-line.it\/fr\/wp-json\/wp\/v2\/product_cat?post=2097"},{"taxonomy":"product_tag","embeddable":true,"href":"https:\/\/shop.s-line.it\/fr\/wp-json\/wp\/v2\/product_tag?post=2097"}],"curies":[{"name":"wp","href":"https:\/\/api.w.org\/{rel}","templated":true}]}}