{"id":2107,"date":"2021-05-11T15:21:13","date_gmt":"2021-05-28T11:50:14","guid":{"rendered":"https:\/\/shop.s-line.it\/prodotto\/tack-it\/"},"modified":"2022-01-28T10:53:59","modified_gmt":"2022-01-28T09:53:59","slug":"tack-it","status":"publish","type":"product","link":"https:\/\/shop.s-line.it\/fr\/prodotto\/tack-it\/","title":{"rendered":"Tack-it"},"content":{"rendered":"<div><strong>TACK-IT<\/strong><br \/>\n<strong><strong>ATTACHABLE ET D\u00c9TACHABLE<br \/>\n<strong><strong>distributeur avec rouleau<\/strong><\/strong><\/strong><\/strong><\/div>\n<p>Applicateur pratique r\u00e9alis\u00e9 \u00e0 partir d&rsquo;un m\u00e9lange sp\u00e9cial de diff\u00e9rents composants, dont l&rsquo;ABS et le polystyr\u00e8ne, ce qui le rend l\u00e9ger, \u00e9lastique et super r\u00e9sistant. Ce distributeur, \u00e9quip\u00e9 d&rsquo;un formidable ruban de papier inscriptible, amovible et repositionnable, vous permet de couper des notes enti\u00e8rement adh\u00e9sives \u00e0 la longueur souhait\u00e9e en \u00e9vitant le gaspillage, sans endommager et sans laisser de r\u00e9sidus sur les surfaces sur lesquelles il est pos\u00e9.<br \/>\n<em><br \/>\nCaract\u00e9ristiques techniques du ruban de papier:<\/em><\/p>\n<p>\u00c9paisseur: 100 \u00b5 (0.10 mm)<br \/>\nTaille du rouleau: 60 mm x 10 m<br \/>\nAdh\u00e9sif: acrylique \u00e0 base d&rsquo;eau amovible<\/p>\n<p>Marque: SL Adhesive &amp; Safety<\/p>\n","protected":false},"excerpt":{"rendered":"<p>Applicateur pratique r\u00e9alis\u00e9 \u00e0 partir d&rsquo;un m\u00e9lange sp\u00e9cial de diff\u00e9rents composants, dont l&rsquo;ABS et le polystyr\u00e8ne, ce qui le rend l\u00e9ger, \u00e9lastique et super r\u00e9sistant. Ce distributeur, \u00e9quip\u00e9 d&rsquo;un formidable ruban de papier inscriptible, amovible et repositionnable, vous permet de couper des notes enti\u00e8rement adh\u00e9sives \u00e0 la longueur souhait\u00e9e en \u00e9vitant le gaspillage, sans endommager et sans laisser de r\u00e9sidus sur les surfaces sur lesquelles il est pos\u00e9.<\/p>\n","protected":false},"featured_media":10642,"template":"","meta":[],"product_brand":[],"product_cat":[231],"product_tag":[496,472,606,605,604],"class_list":{"0":"post-2107","1":"product","2":"type-product","3":"status-publish","4":"has-post-thumbnail","6":"product_cat-nastri-ufficio-fr","7":"product_tag-accueil","8":"product_tag-adhesif-amovible","9":"product_tag-bureau","10":"product_tag-ecole","11":"product_tag-ruban-inscriptible","13":"first","14":"instock","15":"featured","16":"taxable","17":"shipping-taxable","18":"purchasable","19":"product-type-variable"},"_links":{"self":[{"href":"https:\/\/shop.s-line.it\/fr\/wp-json\/wp\/v2\/product\/2107","targetHints":{"allow":["GET"]}}],"collection":[{"href":"https:\/\/shop.s-line.it\/fr\/wp-json\/wp\/v2\/product"}],"about":[{"href":"https:\/\/shop.s-line.it\/fr\/wp-json\/wp\/v2\/types\/product"}],"wp:featuredmedia":[{"embeddable":true,"href":"https:\/\/shop.s-line.it\/fr\/wp-json\/wp\/v2\/media\/10642"}],"wp:attachment":[{"href":"https:\/\/shop.s-line.it\/fr\/wp-json\/wp\/v2\/media?parent=2107"}],"wp:term":[{"taxonomy":"product_brand","embeddable":true,"href":"https:\/\/shop.s-line.it\/fr\/wp-json\/wp\/v2\/product_brand?post=2107"},{"taxonomy":"product_cat","embeddable":true,"href":"https:\/\/shop.s-line.it\/fr\/wp-json\/wp\/v2\/product_cat?post=2107"},{"taxonomy":"product_tag","embeddable":true,"href":"https:\/\/shop.s-line.it\/fr\/wp-json\/wp\/v2\/product_tag?post=2107"}],"curies":[{"name":"wp","href":"https:\/\/api.w.org\/{rel}","templated":true}]}}