{"id":2117,"date":"2021-05-07T15:37:09","date_gmt":"2021-05-28T11:51:59","guid":{"rendered":"https:\/\/shop.s-line.it\/prodotto\/t950-ruban-de-transfert-double-face-haute-epaisseur\/"},"modified":"2022-01-28T11:08:28","modified_gmt":"2022-01-28T10:08:28","slug":"t950","status":"publish","type":"product","link":"https:\/\/shop.s-line.it\/fr\/prodotto\/t950\/","title":{"rendered":"T950 Bande transfert double face haute \u00e9paisseur"},"content":{"rendered":"<p><strong>T950 REVERSE WOUND<br \/>\nBande transfert double face de haute \u00e9paisseur<\/strong><\/p>\n<p>Ruban transfert de haute \u00e9paisseur (0.13 mm), compos\u00e9 d&rsquo;un adh\u00e9sif acrylique modifi\u00e9 renforc\u00e9 par des fibres et des poudres de verre, haute performance. Bande adh\u00e9sif sp\u00e9cial sans support avec une excellente r\u00e9sistance au vieillissement et aux UV.<\/p>\n<p>Le T950 est produit en version rouleau invers\u00e9 (T950\/r) avec un noyau plastique 1\u2033 \u00e0 double chambre qui peut \u00eatre utilis\u00e9 \u00e0 la fois avec les distributeurs universels ATG et avec l&rsquo;applicateur exclusif ATG900 fourni par SL qui assure une application rapide et propre.<\/p>\n<p>En plus du noyau standard, un syst\u00e8me innovant et alternatif de chambre perfor\u00e9e (Pcore) est disponible pour les rouleaux de 6 mm d&rsquo;\u00e9paisseur, qui peut \u00eatre appliqu\u00e9 \u00e0 l&rsquo;aide de simples adaptateurs fournis avec le distributeur ATG900. Le ruban de 6 mm avec noyau perfor\u00e9e (T950P\/r) est plac\u00e9 sur l&rsquo;adaptateur qui est commod\u00e9ment plac\u00e9 \u00e0 l&rsquo;int\u00e9rieur du bo\u00eetier de l&rsquo;applicateur ATG900.<\/p>\n<p><em>Caract\u00e9ristiques techniques:<\/em><\/p>\n<p>\u00c9paisseur: 130 \u00b5 (0.13 mm)<br \/>\nProtecteur: papier bisiliconate brun 120 gr\/m2<br \/>\nSupport: fibres et poudres de verre<br \/>\nAdh\u00e9sif: acrylique \u00e0 solvant modifi\u00e9<\/p>\n<p><em>Disponible en:<\/em><\/p>\n<p>Rouleaux avec noyau standard \u00e0 double chambre<\/p>\n<p>6 mm x 16.5 m<br \/>\n9 mm x 16.5 m<br \/>\n12 mm x 16.5 m<br \/>\n19 mm x 16.5 m<\/p>\n<p>6 mm x 33 m<br \/>\n9 mm x 33 m<br \/>\n12 mm x 33 m<br \/>\n19 mm x 33 m<\/p>\n<p>Rouleaux avec noyau perfor\u00e9e Pcore<\/p>\n<p>6 mm x 16.5 m<br \/>\n6 mm x 33 m<\/p>\n<p>Marque: SL Adhesive &amp; Safety<\/p>\n","protected":false},"excerpt":{"rendered":"<p>Ruban transfert de haute \u00e9paisseur (0.13 mm), compos\u00e9 d&rsquo;un adh\u00e9sif acrylique modifi\u00e9 renforc\u00e9 par des fibres et des poudres de verre, haute performance. Bande adh\u00e9sif sp\u00e9cial sans support avec une excellente r\u00e9sistance au vieillissement et aux UV.<\/p>\n","protected":false},"featured_media":1446,"template":"","meta":[],"product_brand":[],"product_cat":[598,218,515],"product_tag":[468,510,477,482,487],"class_list":{"0":"post-2117","1":"product","2":"type-product","3":"status-publish","4":"has-post-thumbnail","6":"product_cat-atg-et-pcore","7":"product_cat-nastri-biadesivi-fr","8":"product_cat-bandes-de-transfert","9":"product_tag-adhesif-acrylique","10":"product_tag-adhesion-forte","11":"product_tag-applicable-avec-le-distributeur-atg900","12":"product_tag-art-graphique","13":"product_tag-ruban-adhesif-double-face-pour-lassemblage","15":"first","16":"instock","17":"featured","18":"taxable","19":"shipping-taxable","20":"purchasable","21":"product-type-variable"},"_links":{"self":[{"href":"https:\/\/shop.s-line.it\/fr\/wp-json\/wp\/v2\/product\/2117","targetHints":{"allow":["GET"]}}],"collection":[{"href":"https:\/\/shop.s-line.it\/fr\/wp-json\/wp\/v2\/product"}],"about":[{"href":"https:\/\/shop.s-line.it\/fr\/wp-json\/wp\/v2\/types\/product"}],"wp:featuredmedia":[{"embeddable":true,"href":"https:\/\/shop.s-line.it\/fr\/wp-json\/wp\/v2\/media\/1446"}],"wp:attachment":[{"href":"https:\/\/shop.s-line.it\/fr\/wp-json\/wp\/v2\/media?parent=2117"}],"wp:term":[{"taxonomy":"product_brand","embeddable":true,"href":"https:\/\/shop.s-line.it\/fr\/wp-json\/wp\/v2\/product_brand?post=2117"},{"taxonomy":"product_cat","embeddable":true,"href":"https:\/\/shop.s-line.it\/fr\/wp-json\/wp\/v2\/product_cat?post=2117"},{"taxonomy":"product_tag","embeddable":true,"href":"https:\/\/shop.s-line.it\/fr\/wp-json\/wp\/v2\/product_tag?post=2117"}],"curies":[{"name":"wp","href":"https:\/\/api.w.org\/{rel}","templated":true}]}}