{"id":2146,"date":"2021-04-28T18:33:32","date_gmt":"2021-05-28T11:55:28","guid":{"rendered":"https:\/\/shop.s-line.it\/prodotto\/s725-bande-de-gaze-blanche-double-face\/"},"modified":"2022-01-28T10:54:14","modified_gmt":"2022-01-28T09:54:14","slug":"s725","status":"publish","type":"product","link":"https:\/\/shop.s-line.it\/fr\/prodotto\/s725\/","title":{"rendered":"S725 Bande de gaze double face blanche"},"content":{"rendered":"<p><strong>S725 Bande de gaze double face blanche<\/strong><\/p>\n<p>Ruban double face avec support de gaze blanche, \u00e9paisseur 0.25 mm, adh\u00e9sif \u00e0 base de caoutchouc synth\u00e9tique, protecteur en papier bisiliconate havane.<\/p>\n<p><em>Caract\u00e9ristiques techniques:<\/em><\/p>\n<p>\u00c9paisseur: 250 \u00b5 (0.25 mm)<br \/>\nProtecteur: papier bisiliconate havane 110 gr\/m2<br \/>\nSupport: gaze blanche<br \/>\nAdh\u00e9sif: base de caoutchouc synth\u00e9tique<\/p>\n<p><em>Tailles des rouleaux disponibles:<\/em><\/p>\n<p>50 mm x 5 m<br \/>\n50 mm x 25 m<\/p>\n<p>Marque: SL Adhesive &amp; Safety<\/p>\n","protected":false},"excerpt":{"rendered":"<p>Ruban double face avec support de gaze blanche, \u00e9paisseur 0.25 mm, adh\u00e9sif \u00e0 base de caoutchouc synth\u00e9tique, protecteur en papier bisiliconate havane.<\/p>\n","protected":false},"featured_media":1511,"template":"","meta":[],"product_brand":[],"product_cat":[218,545],"product_tag":[487,627],"class_list":{"0":"post-2146","1":"product","2":"type-product","3":"status-publish","4":"has-post-thumbnail","6":"product_cat-nastri-biadesivi-fr","7":"product_cat-ruban-double-face-autres-supports","8":"product_tag-ruban-adhesif-double-face-pour-lassemblage","9":"product_tag-usage-interne","11":"first","12":"instock","13":"taxable","14":"shipping-taxable","15":"purchasable","16":"product-type-variable"},"_links":{"self":[{"href":"https:\/\/shop.s-line.it\/fr\/wp-json\/wp\/v2\/product\/2146","targetHints":{"allow":["GET"]}}],"collection":[{"href":"https:\/\/shop.s-line.it\/fr\/wp-json\/wp\/v2\/product"}],"about":[{"href":"https:\/\/shop.s-line.it\/fr\/wp-json\/wp\/v2\/types\/product"}],"wp:featuredmedia":[{"embeddable":true,"href":"https:\/\/shop.s-line.it\/fr\/wp-json\/wp\/v2\/media\/1511"}],"wp:attachment":[{"href":"https:\/\/shop.s-line.it\/fr\/wp-json\/wp\/v2\/media?parent=2146"}],"wp:term":[{"taxonomy":"product_brand","embeddable":true,"href":"https:\/\/shop.s-line.it\/fr\/wp-json\/wp\/v2\/product_brand?post=2146"},{"taxonomy":"product_cat","embeddable":true,"href":"https:\/\/shop.s-line.it\/fr\/wp-json\/wp\/v2\/product_cat?post=2146"},{"taxonomy":"product_tag","embeddable":true,"href":"https:\/\/shop.s-line.it\/fr\/wp-json\/wp\/v2\/product_tag?post=2146"}],"curies":[{"name":"wp","href":"https:\/\/api.w.org\/{rel}","templated":true}]}}