{"id":2149,"date":"2021-04-29T13:02:03","date_gmt":"2021-05-28T11:56:55","guid":{"rendered":"https:\/\/shop.s-line.it\/prodotto\/s961-bande-polyester-amovible-double-face\/"},"modified":"2022-06-22T16:38:57","modified_gmt":"2022-06-22T14:38:57","slug":"s961-2","status":"publish","type":"product","link":"https:\/\/shop.s-line.it\/fr\/prodotto\/s961-2\/","title":{"rendered":"S961 Bande polyester amovible double face"},"content":{"rendered":"<p><strong>S961 Bande polyester amovible double face<\/strong><\/p>\n<p>Bande polyester amovible double face transparent, \u00e9paisseur 0.08 mm, adh\u00e9sif acrylique \u00e0 solvant, protecteur en papier bisiliconate havane.<\/p>\n<p><em>Caract\u00e9ristiques techniques:<\/em><\/p>\n<p>\u00c9paisseur: 80 \u00b5 (0.08 mm)<br \/>\nProtecteur: papier bisiliconate havane 110 gr\/m2<br \/>\nSupport: polyester<br \/>\nAdh\u00e9sif: acrylique \u00e0 solvant \u00e0 un c\u00f4t\u00e9 amovible<\/p>\n<p><em>Tailles des rouleaux disponibles:<\/em><\/p>\n<p>19 mm x 10 m<br \/>\n19 mm x 50 m<br \/>\n25 mm x 10 m<br \/>\n25 mm x 50 m<\/p>\n<p>Marque: SL Adhesive &amp; Safety<\/p>\n","protected":false},"excerpt":{"rendered":"<p>Bande polyester amovible double face transparent, \u00e9paisseur 0.08 mm, adh\u00e9sif acrylique \u00e0 solvant, protecteur en papier bisiliconate havane.<\/p>\n","protected":false},"featured_media":1501,"template":"","meta":[],"product_brand":[],"product_cat":[218,540],"product_tag":[472,487,627],"class_list":{"0":"post-2149","1":"product","2":"type-product","3":"status-publish","4":"has-post-thumbnail","6":"product_cat-nastri-biadesivi-fr","7":"product_cat-ruban-tnt-double-face","8":"product_tag-adhesif-amovible","9":"product_tag-ruban-adhesif-double-face-pour-lassemblage","10":"product_tag-usage-interne","12":"first","13":"instock","14":"taxable","15":"shipping-taxable","16":"purchasable","17":"product-type-variable"},"_links":{"self":[{"href":"https:\/\/shop.s-line.it\/fr\/wp-json\/wp\/v2\/product\/2149","targetHints":{"allow":["GET"]}}],"collection":[{"href":"https:\/\/shop.s-line.it\/fr\/wp-json\/wp\/v2\/product"}],"about":[{"href":"https:\/\/shop.s-line.it\/fr\/wp-json\/wp\/v2\/types\/product"}],"wp:featuredmedia":[{"embeddable":true,"href":"https:\/\/shop.s-line.it\/fr\/wp-json\/wp\/v2\/media\/1501"}],"wp:attachment":[{"href":"https:\/\/shop.s-line.it\/fr\/wp-json\/wp\/v2\/media?parent=2149"}],"wp:term":[{"taxonomy":"product_brand","embeddable":true,"href":"https:\/\/shop.s-line.it\/fr\/wp-json\/wp\/v2\/product_brand?post=2149"},{"taxonomy":"product_cat","embeddable":true,"href":"https:\/\/shop.s-line.it\/fr\/wp-json\/wp\/v2\/product_cat?post=2149"},{"taxonomy":"product_tag","embeddable":true,"href":"https:\/\/shop.s-line.it\/fr\/wp-json\/wp\/v2\/product_tag?post=2149"}],"curies":[{"name":"wp","href":"https:\/\/api.w.org\/{rel}","templated":true}]}}