{"id":2152,"date":"2021-04-29T13:30:48","date_gmt":"2021-05-28T11:58:13","guid":{"rendered":"https:\/\/shop.s-line.it\/prodotto\/afg100-mousse-acrylique-grise\/"},"modified":"2022-01-28T10:54:18","modified_gmt":"2022-01-28T09:54:18","slug":"afg","status":"publish","type":"product","link":"https:\/\/shop.s-line.it\/fr\/prodotto\/afg\/","title":{"rendered":"AFG100 Mousse acrylique grise"},"content":{"rendered":"<p><strong>AFG100 Mousse acrylique grise<\/strong><\/p>\n<p>Mousse acrylique grise, adh\u00e9sif acrylique \u00e0 solvant, protecteur plastique rouge. Ce produit a une tr\u00e8s grande adh\u00e9sivit\u00e9 et il est tr\u00e8s r\u00e9sistant aux plastifiants, aux huiles, aux solvants, aux d\u00e9tergents, \u00e0 l&rsquo;humidit\u00e9 et aux rayons UV. Masse visco\u00e9lastique adh\u00e9sive acrylique grise de haute performance, con\u00e7ue pour r\u00e9sister \u00e0 de fortes charges et pouvant remplacer les vis et les rivets dans de nombreux processus industriels. Excellente r\u00e9sistance \u00e0 la temp\u00e9rature et aux plastifiants, huiles, solvants, d\u00e9tergents, humidit\u00e9 et rayons UV.<\/p>\n<p><em>Caract\u00e9ristiques techniques AFG100:<\/em><\/p>\n<p>\u00c9paisseur: 1.00 mm<br \/>\nProtecteur: film PE rouge<br \/>\nSupport: masse\u00a0visco\u00e9lastique adh\u00e9sive acrylique grise<br \/>\nAdh\u00e9sif: acrylique \u00e0 solvant haute performance<\/p>\n<p><em>Tailles des rouleaux disponibles:<\/em><\/p>\n<p>19 mm x 5 m<br \/>\n25 mm x 5 m<\/p>\n<p>Marque: SL Adhesive &amp; Safety<\/p>\n","protected":false},"excerpt":{"rendered":"<p>Mousse acrylique grise, adh\u00e9sif acrylique \u00e0 solvant, protecteur plastique rouge. Ce produit a une tr\u00e8s grande adh\u00e9sivit\u00e9 et il est tr\u00e8s r\u00e9sistant aux plastifiants, aux huiles, aux solvants, aux d\u00e9tergents, \u00e0 l&rsquo;humidit\u00e9 et aux rayons UV. Masse visco\u00e9lastique adh\u00e9sive acrylique grise de haute performance, con\u00e7ue pour r\u00e9sister \u00e0 de fortes charges et pouvant remplacer les vis et les rivets dans de nombreux processus industriels. Excellente r\u00e9sistance \u00e0 la temp\u00e9rature et aux plastifiants, huiles, solvants, d\u00e9tergents, humidit\u00e9 et rayons UV.<\/p>\n","protected":false},"featured_media":1486,"template":"","meta":[],"product_brand":[],"product_cat":[218,530],"product_tag":[468,510,492,487,627,632],"class_list":{"0":"post-2152","1":"product","2":"type-product","3":"status-publish","4":"has-post-thumbnail","6":"product_cat-nastri-biadesivi-fr","7":"product_cat-mousses-acryliques","8":"product_tag-adhesif-acrylique","9":"product_tag-adhesion-forte","10":"product_tag-charges-lourdes","11":"product_tag-ruban-adhesif-double-face-pour-lassemblage","12":"product_tag-usage-interne","13":"product_tag-utilisation-en-exterieur","15":"first","16":"instock","17":"featured","18":"taxable","19":"shipping-taxable","20":"purchasable","21":"product-type-variable"},"_links":{"self":[{"href":"https:\/\/shop.s-line.it\/fr\/wp-json\/wp\/v2\/product\/2152","targetHints":{"allow":["GET"]}}],"collection":[{"href":"https:\/\/shop.s-line.it\/fr\/wp-json\/wp\/v2\/product"}],"about":[{"href":"https:\/\/shop.s-line.it\/fr\/wp-json\/wp\/v2\/types\/product"}],"wp:featuredmedia":[{"embeddable":true,"href":"https:\/\/shop.s-line.it\/fr\/wp-json\/wp\/v2\/media\/1486"}],"wp:attachment":[{"href":"https:\/\/shop.s-line.it\/fr\/wp-json\/wp\/v2\/media?parent=2152"}],"wp:term":[{"taxonomy":"product_brand","embeddable":true,"href":"https:\/\/shop.s-line.it\/fr\/wp-json\/wp\/v2\/product_brand?post=2152"},{"taxonomy":"product_cat","embeddable":true,"href":"https:\/\/shop.s-line.it\/fr\/wp-json\/wp\/v2\/product_cat?post=2152"},{"taxonomy":"product_tag","embeddable":true,"href":"https:\/\/shop.s-line.it\/fr\/wp-json\/wp\/v2\/product_tag?post=2152"}],"curies":[{"name":"wp","href":"https:\/\/api.w.org\/{rel}","templated":true}]}}