{"id":2158,"date":"2021-04-29T13:36:56","date_gmt":"2021-05-28T12:00:31","guid":{"rendered":"https:\/\/shop.s-line.it\/prodotto\/afb100-mousse-acrylique-noire\/"},"modified":"2022-01-28T10:54:22","modified_gmt":"2022-01-28T09:54:22","slug":"afb","status":"publish","type":"product","link":"https:\/\/shop.s-line.it\/fr\/prodotto\/afb\/","title":{"rendered":"AFB100 Mousse acrylique noire"},"content":{"rendered":"<p><strong>AFB100 Mousse acrylique noire<\/strong><\/p>\n<p>Mousse acrylique noire, adh\u00e9sif acrylique \u00e0 solvant, protecteur plastique rouge. Produit \u00e0 tr\u00e8s haute adh\u00e9rence, excellente r\u00e9sistance aux plastifiants, huiles, solvants, surfaces rev\u00eatues de poudre, humidit\u00e9 et rayons UV. Compos\u00e9 adh\u00e9sif acrylique noir visco\u00e9lastique \u00e0 tr\u00e8s haute adh\u00e9rence, con\u00e7u pour r\u00e9sister \u00e0 de fortes charges et pouvant remplacer les vis et les rivets dans de nombreux processus industriels.<\/p>\n<p><em>Caract\u00e9ristiques techniques AFB100 :<\/em><\/p>\n<p>\u00c9paisseur: 1.00 mm<br \/>\nProtecteur: film PE rouge<br \/>\nSupport: adh\u00e9sif visco\u00e9lastique acrylique masse noire<br \/>\nAdh\u00e9sif: acrylique \u00e0 solvant haute performance<\/p>\n<p><em>Tailles des rouleaux disponibles :<\/em><\/p>\n<p>19 mm x 5 m<br \/>\n25 mm x 5 m<\/p>\n<p>Marque: SL Adhesive &amp; Safety<\/p>\n","protected":false},"excerpt":{"rendered":"<p>Mousse acrylique noire, adh\u00e9sif acrylique \u00e0 solvant, protecteur plastique rouge. Produit \u00e0 tr\u00e8s haute adh\u00e9rence, excellente r\u00e9sistance aux plastifiants, huiles, solvants, surfaces rev\u00eatues de poudre, humidit\u00e9 et rayons UV. Compos\u00e9 adh\u00e9sif acrylique noir visco\u00e9lastique \u00e0 tr\u00e8s haute adh\u00e9rence, con\u00e7u pour r\u00e9sister \u00e0 de fortes charges et pouvant remplacer les vis et les rivets dans de nombreux processus industriels.<\/p>\n","protected":false},"featured_media":1491,"template":"","meta":[],"product_brand":[],"product_cat":[218,530],"product_tag":[468,510,492,487,627,632],"class_list":{"0":"post-2158","1":"product","2":"type-product","3":"status-publish","4":"has-post-thumbnail","6":"product_cat-nastri-biadesivi-fr","7":"product_cat-mousses-acryliques","8":"product_tag-adhesif-acrylique","9":"product_tag-adhesion-forte","10":"product_tag-charges-lourdes","11":"product_tag-ruban-adhesif-double-face-pour-lassemblage","12":"product_tag-usage-interne","13":"product_tag-utilisation-en-exterieur","15":"first","16":"instock","17":"featured","18":"taxable","19":"shipping-taxable","20":"purchasable","21":"product-type-variable","22":"has-default-attributes"},"_links":{"self":[{"href":"https:\/\/shop.s-line.it\/fr\/wp-json\/wp\/v2\/product\/2158","targetHints":{"allow":["GET"]}}],"collection":[{"href":"https:\/\/shop.s-line.it\/fr\/wp-json\/wp\/v2\/product"}],"about":[{"href":"https:\/\/shop.s-line.it\/fr\/wp-json\/wp\/v2\/types\/product"}],"wp:featuredmedia":[{"embeddable":true,"href":"https:\/\/shop.s-line.it\/fr\/wp-json\/wp\/v2\/media\/1491"}],"wp:attachment":[{"href":"https:\/\/shop.s-line.it\/fr\/wp-json\/wp\/v2\/media?parent=2158"}],"wp:term":[{"taxonomy":"product_brand","embeddable":true,"href":"https:\/\/shop.s-line.it\/fr\/wp-json\/wp\/v2\/product_brand?post=2158"},{"taxonomy":"product_cat","embeddable":true,"href":"https:\/\/shop.s-line.it\/fr\/wp-json\/wp\/v2\/product_cat?post=2158"},{"taxonomy":"product_tag","embeddable":true,"href":"https:\/\/shop.s-line.it\/fr\/wp-json\/wp\/v2\/product_tag?post=2158"}],"curies":[{"name":"wp","href":"https:\/\/api.w.org\/{rel}","templated":true}]}}