{"id":2164,"date":"2021-04-29T13:40:36","date_gmt":"2021-05-28T12:03:07","guid":{"rendered":"https:\/\/shop.s-line.it\/prodotto\/f205-mousse-adhesive-double-face-noire\/"},"modified":"2022-06-22T19:00:19","modified_gmt":"2022-06-22T17:00:19","slug":"f205","status":"publish","type":"product","link":"https:\/\/shop.s-line.it\/fr\/prodotto\/f205\/","title":{"rendered":"F205 Mousse PU adh\u00e9sive double face noire"},"content":{"rendered":"<p><strong>F205 Mousse PU adh\u00e9sive double face noire<\/strong><\/p>\n<p>Mousse PU double face noire \u00e0 cellules ouvertes, \u00e9paisseur 0.50 mm, densit\u00e9 380 kg\/m\u00b3, adh\u00e9sif acrylique \u00e0 solvant modifi\u00e9, protecteur plastique rouge. Bonne r\u00e9sistance aux plastifiants, huiles, solvants et rayons UV.<\/p>\n<p><em>Caract\u00e9ristiques techniques:<\/em><\/p>\n<p>\u00c9paisseur : 0.50 mm<br \/>\nProtecteur: film plastique rouge<br \/>\nSupport: mousse de polyur\u00e9thane noire<br \/>\nDensit\u00e9: 380 kg\/m3<br \/>\nAdh\u00e9sif: acrylique \u00e0 solvant modifi\u00e9<\/p>\n<p><em>Tailles des rouleaux disponibles:<\/em><\/p>\n<p>19 mm x 10 m<br \/>\n19 mm x 50 m<br \/>\n25 mm x 10 m<br \/>\n25 mm x 50 m<\/p>\n<p>Marque: SL Adhesive &amp; Safety<\/p>\n","protected":false},"excerpt":{"rendered":"<p>Mousse PU double face noire \u00e0 cellules ouvertes, \u00e9paisseur 0.50 mm, densit\u00e9 380 kg\/m\u00b3, adh\u00e9sif acrylique \u00e0 solvant modifi\u00e9, protecteur plastique rouge. Bonne r\u00e9sistance aux plastifiants, huiles, solvants et rayons UV.<\/p>\n","protected":false},"featured_media":1476,"template":"","meta":[],"product_brand":[],"product_cat":[218,520],"product_tag":[468,487,627],"class_list":{"0":"post-2164","1":"product","2":"type-product","3":"status-publish","4":"has-post-thumbnail","6":"product_cat-nastri-biadesivi-fr","7":"product_cat-mousses-pu-double-face","8":"product_tag-adhesif-acrylique","9":"product_tag-ruban-adhesif-double-face-pour-lassemblage","10":"product_tag-usage-interne","12":"first","13":"instock","14":"featured","15":"taxable","16":"shipping-taxable","17":"purchasable","18":"product-type-variable"},"_links":{"self":[{"href":"https:\/\/shop.s-line.it\/fr\/wp-json\/wp\/v2\/product\/2164","targetHints":{"allow":["GET"]}}],"collection":[{"href":"https:\/\/shop.s-line.it\/fr\/wp-json\/wp\/v2\/product"}],"about":[{"href":"https:\/\/shop.s-line.it\/fr\/wp-json\/wp\/v2\/types\/product"}],"wp:featuredmedia":[{"embeddable":true,"href":"https:\/\/shop.s-line.it\/fr\/wp-json\/wp\/v2\/media\/1476"}],"wp:attachment":[{"href":"https:\/\/shop.s-line.it\/fr\/wp-json\/wp\/v2\/media?parent=2164"}],"wp:term":[{"taxonomy":"product_brand","embeddable":true,"href":"https:\/\/shop.s-line.it\/fr\/wp-json\/wp\/v2\/product_brand?post=2164"},{"taxonomy":"product_cat","embeddable":true,"href":"https:\/\/shop.s-line.it\/fr\/wp-json\/wp\/v2\/product_cat?post=2164"},{"taxonomy":"product_tag","embeddable":true,"href":"https:\/\/shop.s-line.it\/fr\/wp-json\/wp\/v2\/product_tag?post=2164"}],"curies":[{"name":"wp","href":"https:\/\/api.w.org\/{rel}","templated":true}]}}