{"id":2167,"date":"2021-04-29T13:42:21","date_gmt":"2021-05-28T12:04:15","guid":{"rendered":"https:\/\/shop.s-line.it\/prodotto\/f831-mousse-adhesive-double-face-blanche\/"},"modified":"2022-06-22T19:19:27","modified_gmt":"2022-06-22T17:19:27","slug":"f831","status":"publish","type":"product","link":"https:\/\/shop.s-line.it\/fr\/prodotto\/f831\/","title":{"rendered":"F831 Mousse PE adh\u00e9sive double face blanche"},"content":{"rendered":"<p><strong>F831 Mousse PE adh\u00e9sive double face blanche<\/strong><\/p>\n<p>Mousse PE blanche double face \u00e0 cellules ferm\u00e9es, \u00e9paisseur 1.00 mm et densit\u00e9 67 kg\/m\u00b3, adh\u00e9sif acrylique \u00e0 solvant modifi\u00e9 et protecteur plastique bleu clair. Excellente r\u00e9sistance aux plastifiants, aux huiles, aux solvants et aux rayons UV.<\/p>\n<p><em>Caract\u00e9ristiques techniques:<\/em><\/p>\n<p>\u00c9paisseur: 1.00 mm<br \/>\nProtecteur: film plastique bleu clair de 80 microns<br \/>\nSupport: mousse de poly\u00e9thyl\u00e8ne blanche<br \/>\nDensit\u00e9: 67 kg\/m3<br \/>\nAdh\u00e9sif: acrylique \u00e0 solvant modifi\u00e9<\/p>\n<p><em>Tailles des rouleaux disponibles:<\/em><\/p>\n<p>19 mm x 10 m<br \/>\n19 mm x 50 m<br \/>\n25 mm x 10 m<br \/>\n25 mm x 50 m<\/p>\n<p>Marque: SL Adhesive &amp; Safety<\/p>\n","protected":false},"excerpt":{"rendered":"<p>Mousse PE blanche double face \u00e0 cellules ferm\u00e9es, \u00e9paisseur 1.00 mm et densit\u00e9 67 kg\/m\u00b3, adh\u00e9sif acrylique \u00e0 solvant modifi\u00e9 et protecteur plastique bleu clair. Excellente r\u00e9sistance aux plastifiants, aux huiles, aux solvants et aux rayons UV.<\/p>\n","protected":false},"featured_media":1471,"template":"","meta":[],"product_brand":[],"product_cat":[218,525],"product_tag":[468,510,487],"class_list":{"0":"post-2167","1":"product","2":"type-product","3":"status-publish","4":"has-post-thumbnail","6":"product_cat-nastri-biadesivi-fr","7":"product_cat-mousses-pe-double-face","8":"product_tag-adhesif-acrylique","9":"product_tag-adhesion-forte","10":"product_tag-ruban-adhesif-double-face-pour-lassemblage","12":"first","13":"instock","14":"featured","15":"taxable","16":"shipping-taxable","17":"purchasable","18":"product-type-variable"},"_links":{"self":[{"href":"https:\/\/shop.s-line.it\/fr\/wp-json\/wp\/v2\/product\/2167","targetHints":{"allow":["GET"]}}],"collection":[{"href":"https:\/\/shop.s-line.it\/fr\/wp-json\/wp\/v2\/product"}],"about":[{"href":"https:\/\/shop.s-line.it\/fr\/wp-json\/wp\/v2\/types\/product"}],"wp:featuredmedia":[{"embeddable":true,"href":"https:\/\/shop.s-line.it\/fr\/wp-json\/wp\/v2\/media\/1471"}],"wp:attachment":[{"href":"https:\/\/shop.s-line.it\/fr\/wp-json\/wp\/v2\/media?parent=2167"}],"wp:term":[{"taxonomy":"product_brand","embeddable":true,"href":"https:\/\/shop.s-line.it\/fr\/wp-json\/wp\/v2\/product_brand?post=2167"},{"taxonomy":"product_cat","embeddable":true,"href":"https:\/\/shop.s-line.it\/fr\/wp-json\/wp\/v2\/product_cat?post=2167"},{"taxonomy":"product_tag","embeddable":true,"href":"https:\/\/shop.s-line.it\/fr\/wp-json\/wp\/v2\/product_tag?post=2167"}],"curies":[{"name":"wp","href":"https:\/\/api.w.org\/{rel}","templated":true}]}}