{"id":2170,"date":"2021-04-29T13:44:55","date_gmt":"2021-05-28T12:05:42","guid":{"rendered":"https:\/\/shop.s-line.it\/prodotto\/f231-mousse-adhesive-double-face-noire\/"},"modified":"2022-06-22T19:10:44","modified_gmt":"2022-06-22T17:10:44","slug":"f231-2","status":"publish","type":"product","link":"https:\/\/shop.s-line.it\/fr\/prodotto\/f231-2\/","title":{"rendered":"F231 Mousse PE adh\u00e9sive double face noire"},"content":{"rendered":"<p><strong>F231 Mousse PE adh\u00e9sive double face noire<\/strong><\/p>\n<p>Mousse PE noire double face \u00e0 cellules ferm\u00e9es, \u00e9paisseur 0.80 mm, densit\u00e9 100 kg\/m\u00b3, adh\u00e9sif acrylique \u00e0 solvant, protecteur plastique vert. Gr\u00e2ce \u00e0 son excellente r\u00e9sistance aux rayons UV et aux intemp\u00e9ries, il est particuli\u00e8rement adapt\u00e9 aux applications ext\u00e9rieures, \u00e0 l&rsquo;assemblage de profil\u00e9s dans le secteur automobile, aux panneaux et au verre.<\/p>\n<p><em>Caract\u00e9ristiques techniques:<\/em><\/p>\n<p>\u00c9paisseur: 0.80 mm<br \/>\nProtecteur: film plastique vert de 80 microns<br \/>\nSupport: mousse de poly\u00e9thyl\u00e8ne noire<br \/>\nDensit\u00e9: 100 kg\/m3<br \/>\nAdh\u00e9sif: acrylique \u00e0 solvant<\/p>\n<p><em>Tailles des rouleaux disponibles:<\/em><\/p>\n<p>19 mm x 10 m<br \/>\n19 mm x 50 m<br \/>\n25 mm x 10 m<br \/>\n25 mm x 50 m<\/p>\n<p>Marque: SL Adhesive &amp; Safety<\/p>\n","protected":false},"excerpt":{"rendered":"<p>Mousse PE noire double face \u00e0 cellules ferm\u00e9es, \u00e9paisseur 0.80 mm, densit\u00e9 100 kg\/m\u00b3, adh\u00e9sif acrylique \u00e0 solvant, protecteur plastique vert. Gr\u00e2ce \u00e0 son excellente r\u00e9sistance aux rayons UV et aux intemp\u00e9ries, il est particuli\u00e8rement adapt\u00e9 aux applications ext\u00e9rieures, \u00e0 l&rsquo;assemblage de profil\u00e9s dans le secteur automobile, aux panneaux et au verre.<\/p>\n","protected":false},"featured_media":1466,"template":"","meta":[],"product_brand":[],"product_cat":[218,525],"product_tag":[468,510,487,632],"class_list":{"0":"post-2170","1":"product","2":"type-product","3":"status-publish","4":"has-post-thumbnail","6":"product_cat-nastri-biadesivi-fr","7":"product_cat-mousses-pe-double-face","8":"product_tag-adhesif-acrylique","9":"product_tag-adhesion-forte","10":"product_tag-ruban-adhesif-double-face-pour-lassemblage","11":"product_tag-utilisation-en-exterieur","13":"first","14":"instock","15":"featured","16":"taxable","17":"shipping-taxable","18":"purchasable","19":"product-type-variable"},"_links":{"self":[{"href":"https:\/\/shop.s-line.it\/fr\/wp-json\/wp\/v2\/product\/2170","targetHints":{"allow":["GET"]}}],"collection":[{"href":"https:\/\/shop.s-line.it\/fr\/wp-json\/wp\/v2\/product"}],"about":[{"href":"https:\/\/shop.s-line.it\/fr\/wp-json\/wp\/v2\/types\/product"}],"wp:featuredmedia":[{"embeddable":true,"href":"https:\/\/shop.s-line.it\/fr\/wp-json\/wp\/v2\/media\/1466"}],"wp:attachment":[{"href":"https:\/\/shop.s-line.it\/fr\/wp-json\/wp\/v2\/media?parent=2170"}],"wp:term":[{"taxonomy":"product_brand","embeddable":true,"href":"https:\/\/shop.s-line.it\/fr\/wp-json\/wp\/v2\/product_brand?post=2170"},{"taxonomy":"product_cat","embeddable":true,"href":"https:\/\/shop.s-line.it\/fr\/wp-json\/wp\/v2\/product_cat?post=2170"},{"taxonomy":"product_tag","embeddable":true,"href":"https:\/\/shop.s-line.it\/fr\/wp-json\/wp\/v2\/product_tag?post=2170"}],"curies":[{"name":"wp","href":"https:\/\/api.w.org\/{rel}","templated":true}]}}