{"id":2182,"date":"2021-05-07T15:27:22","date_gmt":"2021-05-28T12:15:01","guid":{"rendered":"https:\/\/shop.s-line.it\/prodotto\/t922-ruban-de-transfert-double-face-de-faible-epaisseur\/"},"modified":"2022-01-28T10:54:42","modified_gmt":"2022-01-28T09:54:42","slug":"t922","status":"publish","type":"product","link":"https:\/\/shop.s-line.it\/fr\/prodotto\/t922\/","title":{"rendered":"T922 Bande transfert double face de faible \u00e9paisseur"},"content":{"rendered":"<p><strong>T922 REVERSE WOUND<br \/>\nBande transfert double face permanent de faible \u00e9paisseur <\/strong><\/p>\n<p>Le produit T922 est un ruban adh\u00e9sif de transfert de faible \u00e9paisseur (0.03 mm) avec un adh\u00e9sif acrylique renforc\u00e9 par des fibres et des poudres de verre. Protecteur en papier bisiliconate blanche. Excellente r\u00e9sistance au vieillissement.<\/p>\n<div>\n<p>Le bande transfert est produit dans la version inverse en rouleau (T922\/r) avec un noyau en plastique 1\u2033 \u00e0 double chambre qui peut \u00eatre utilis\u00e9 aussi bien avec les distributeurs universels ATG qu&rsquo;avec l&rsquo;applicateur exclusif ATG900 fourni par SL qui assure une application rapide et propre.<\/p>\n<p>En plus du noyau standard, un syst\u00e8me innovant et alternatif de chambre perfor\u00e9e (Pcore) est disponible pour les rouleaux de 6 mm d&rsquo;\u00e9paisseur, qui peut \u00eatre appliqu\u00e9 \u00e0 l&rsquo;aide de simples adaptateurs fournis avec le distributeur ATG900. Le ruban de 6 mm avec noyau perfor\u00e9e (T922P\/r) est plac\u00e9 sur l&rsquo;adaptateur qui est commod\u00e9ment plac\u00e9 \u00e0 l&rsquo;int\u00e9rieur du bo\u00eetier de l&rsquo;applicateur ATG900.<\/p>\n<p><em>Caract\u00e9ristiques techniques:<\/em><\/p>\n<p>\u00c9paisseur: 30 \u00b5 (0.03 mm)<br \/>\nProtecteur: papier bisiliconate blanche 67 gr\/m2<br \/>\nSupport: fibres et poudres de verre<br \/>\nAdh\u00e9sif: solvant acrylique<\/p>\n<p><em>Disponible en:<\/em><\/p>\n<p>Rouleaux avec noyau standard \u00e0 double chambre<\/p>\n<p>6 mm x 55 m<br \/>\n9 mm x 55 m<br \/>\n12 mm x 55 m<br \/>\n19 mm x 55 m<\/p>\n<p>Rouleaux avec noyau perfor\u00e9e Pcore<\/p>\n<p>6 mm x 55 m<\/p>\n<p>Marque: SL Adhesive &amp; Safety<\/p>\n<\/div>\n","protected":false},"excerpt":{"rendered":"<p>T922\/r est un bande transfert de faible \u00e9paisseur (0.03 mm) avec un adh\u00e9sif acrylique renforc\u00e9 de fibres et de poudres de verre. Protecteur en papier bisiliconate blanche. Excellente r\u00e9sistance au vieillissement.<\/p>\n","protected":false},"featured_media":1451,"template":"","meta":[],"product_brand":[],"product_cat":[218],"product_tag":[468,477,482],"class_list":{"0":"post-2182","1":"product","2":"type-product","3":"status-publish","4":"has-post-thumbnail","6":"product_cat-nastri-biadesivi-fr","7":"product_tag-adhesif-acrylique","8":"product_tag-applicable-avec-le-distributeur-atg900","9":"product_tag-art-graphique","11":"first","12":"instock","13":"featured","14":"taxable","15":"shipping-taxable","16":"purchasable","17":"product-type-variable"},"_links":{"self":[{"href":"https:\/\/shop.s-line.it\/fr\/wp-json\/wp\/v2\/product\/2182","targetHints":{"allow":["GET"]}}],"collection":[{"href":"https:\/\/shop.s-line.it\/fr\/wp-json\/wp\/v2\/product"}],"about":[{"href":"https:\/\/shop.s-line.it\/fr\/wp-json\/wp\/v2\/types\/product"}],"wp:featuredmedia":[{"embeddable":true,"href":"https:\/\/shop.s-line.it\/fr\/wp-json\/wp\/v2\/media\/1451"}],"wp:attachment":[{"href":"https:\/\/shop.s-line.it\/fr\/wp-json\/wp\/v2\/media?parent=2182"}],"wp:term":[{"taxonomy":"product_brand","embeddable":true,"href":"https:\/\/shop.s-line.it\/fr\/wp-json\/wp\/v2\/product_brand?post=2182"},{"taxonomy":"product_cat","embeddable":true,"href":"https:\/\/shop.s-line.it\/fr\/wp-json\/wp\/v2\/product_cat?post=2182"},{"taxonomy":"product_tag","embeddable":true,"href":"https:\/\/shop.s-line.it\/fr\/wp-json\/wp\/v2\/product_tag?post=2182"}],"curies":[{"name":"wp","href":"https:\/\/api.w.org\/{rel}","templated":true}]}}