{"id":2188,"date":"2021-05-07T15:30:12","date_gmt":"2021-05-28T12:17:33","guid":{"rendered":"https:\/\/shop.s-line.it\/prodotto\/t923-bande-de-transfert-double-face-natro\/"},"modified":"2022-01-28T10:54:55","modified_gmt":"2022-01-28T09:54:55","slug":"t923-2","status":"publish","type":"product","link":"https:\/\/shop.s-line.it\/fr\/prodotto\/t923-2\/","title":{"rendered":"T923 Bande transfert double face"},"content":{"rendered":"<p><strong>T923 REVERSE WOUND<br \/>\nBande transfert double face permanent <\/strong><\/p>\n<p>Le T923 est un ruban transfert de faible \u00e9paisseur (0.05 mm) avec un adh\u00e9sif permanent \u00e0 base d&rsquo;acrylique, renforc\u00e9 par des fibres et des poudres de verre. Bande adh\u00e9sif sp\u00e9cial sans support, constitu\u00e9 d&rsquo;une masse adh\u00e9sive acrylique haute performance. Protecteur en papier bisiliconate havane. Excellente r\u00e9sistance au vieillissement.<\/p>\n<div>\n<p>Le ruban transfert est produit dans la version inverse en rouleau (T923\/r) avec un noyau en plastique 1\u2033 \u00e0 double chambre qui peut \u00eatre utilis\u00e9 aussi bien avec les distributeurs universels ATG qu&rsquo;avec l&rsquo;applicateur exclusif ATG900 fourni par SL qui assure une application rapide et propre.<\/p>\n<p>En plus du noyau standard, un syst\u00e8me innovant et alternatif de chambre perfor\u00e9e (Pcore) est disponible pour les rouleaux de 6 mm d&rsquo;\u00e9paisseur, qui peut \u00eatre appliqu\u00e9 \u00e0 l&rsquo;aide de simples adaptateurs fournis avec le distributeur ATG900. Le ruban de 6 mm avec noyau perfor\u00e9e (T923P\/r) se place sur l&rsquo;adaptateur qui est commod\u00e9ment plac\u00e9 \u00e0 l&rsquo;int\u00e9rieur de l&rsquo;engrenage de l&rsquo;applicateur ATG900.<\/p>\n<p><em>Caract\u00e9ristiques techniques:<\/em><\/p>\n<p>\u00c9paisseur: 50 \u00b5 (0.05 mm)<br \/>\nProtecteur: papier bisiliconate havane 90 gr\/m2<br \/>\nSupport: fibres et poudres de verre<br \/>\nAdh\u00e9sif: solvant acrylique<\/p>\n<p><em>Disponible en:<\/em><\/p>\n<p>Rouleaux avec noyau standard \u00e0 double chambre<\/p>\n<p>6 mm x 33 m<br \/>\n9 mm x 33 m<br \/>\n12 mm x 33 m<br \/>\n19 mm x 33 m<\/p>\n<p>6 mm x 55 m<br \/>\n9 mm x 55 m<br \/>\n12 mm x 55 m<br \/>\n19 mm x 55 m<\/p>\n<p>Rouleaux avec noyau perfor\u00e9e Pcore<\/p>\n<p>6 mm x 33 m<br \/>\n6 mm x 55 m<\/p>\n<p>Marque: SL Adhesive &amp; Safety<\/p>\n<\/div>\n","protected":false},"excerpt":{"rendered":"<p>Le T923 est un ruban de transfert de faible \u00e9paisseur (0.05 mm) avec un adh\u00e9sif permanent \u00e0 base d&rsquo;acrylique, renforc\u00e9 par des fibres et des poudres de verre. Bande adh\u00e9sif sp\u00e9cial sans support, constitu\u00e9 d&rsquo;une masse adh\u00e9sive acrylique haute performance. Protecteur en papier bisiliconate havane. Excellente r\u00e9sistance au vieillissement.<\/p>\n","protected":false},"featured_media":1266,"template":"","meta":[],"product_brand":[],"product_cat":[598,218,515],"product_tag":[468,477,482],"class_list":{"0":"post-2188","1":"product","2":"type-product","3":"status-publish","4":"has-post-thumbnail","6":"product_cat-atg-et-pcore","7":"product_cat-nastri-biadesivi-fr","8":"product_cat-bandes-de-transfert","9":"product_tag-adhesif-acrylique","10":"product_tag-applicable-avec-le-distributeur-atg900","11":"product_tag-art-graphique","13":"first","14":"instock","15":"featured","16":"taxable","17":"shipping-taxable","18":"purchasable","19":"product-type-variable"},"_links":{"self":[{"href":"https:\/\/shop.s-line.it\/fr\/wp-json\/wp\/v2\/product\/2188","targetHints":{"allow":["GET"]}}],"collection":[{"href":"https:\/\/shop.s-line.it\/fr\/wp-json\/wp\/v2\/product"}],"about":[{"href":"https:\/\/shop.s-line.it\/fr\/wp-json\/wp\/v2\/types\/product"}],"wp:featuredmedia":[{"embeddable":true,"href":"https:\/\/shop.s-line.it\/fr\/wp-json\/wp\/v2\/media\/1266"}],"wp:attachment":[{"href":"https:\/\/shop.s-line.it\/fr\/wp-json\/wp\/v2\/media?parent=2188"}],"wp:term":[{"taxonomy":"product_brand","embeddable":true,"href":"https:\/\/shop.s-line.it\/fr\/wp-json\/wp\/v2\/product_brand?post=2188"},{"taxonomy":"product_cat","embeddable":true,"href":"https:\/\/shop.s-line.it\/fr\/wp-json\/wp\/v2\/product_cat?post=2188"},{"taxonomy":"product_tag","embeddable":true,"href":"https:\/\/shop.s-line.it\/fr\/wp-json\/wp\/v2\/product_tag?post=2188"}],"curies":[{"name":"wp","href":"https:\/\/api.w.org\/{rel}","templated":true}]}}