{"id":2250,"date":"2021-04-28T18:08:58","date_gmt":"2021-05-28T12:22:12","guid":{"rendered":"https:\/\/shop.s-line.it\/prodotto\/grossier-24-grit\/"},"modified":"2024-03-04T10:09:12","modified_gmt":"2024-03-04T09:09:12","slug":"grossier","status":"publish","type":"product","link":"https:\/\/shop.s-line.it\/fr\/prodotto\/grossier\/","title":{"rendered":"Coarse 36 grit"},"content":{"rendered":"<p><strong>BANDE ANTID\u00c9RAPANTE 24 GRIT<\/strong><\/p>\n<p>Bande antid\u00e9rapante en corindon \u00e0 gros grains (36 grit) avec adh\u00e9sif acrylique \u00e0 solvant modifi\u00e9. En raison de l&rsquo;\u00e9paisseur du grain, il est n\u00e9cessaire pour les applications extr\u00eames o\u00f9 une bande antid\u00e9rapante normale ne fonctionnerait pas en raison de l&rsquo;accumulation de salet\u00e9, de boue et de d\u00e9bris.<br \/>\nR13 certifi\u00e9 selon les crit\u00e8res de r\u00e9sistance au glissement des nouvelles normes UNI EN 16165:2021 et DIN EN 16165:2023-02 (c&rsquo;est-\u00e0-dire le plus haut niveau possible de s\u00e9curit\u00e9 et de r\u00e9sistance au glissement).<br \/>\nExcellente r\u00e9sistance au pi\u00e9tinement, aux intemp\u00e9ries et aux UV, aux huiles, aux d\u00e9tergents et aux solvants.Excellente r\u00e9sistance au pi\u00e9tinement, aux intemp\u00e9ries et aux rayons UV, aux huiles, aux d\u00e9tergents et aux solvants.<\/p>\n<p><em>Caract\u00e9ristiques techniques:<\/em><\/p>\n<p>Epaisseur: 36 grit<br \/>\nProtecteur: papier monosiliconate blanche<br \/>\nSupport: particules abrasives de corindon<br \/>\nAdh\u00e9sif: acrylique \u00e0 solvant modifi\u00e9<\/p>\n<p><em>Couleurs disponibles: Noir<\/em><\/p>\n<p><em>Tailles des rouleaux\u00a0<\/em><i>disponibles:<\/i><\/p>\n<p>19 mm x 18 m<br \/>\n25 mm x 18 m<br \/>\n50 mm x 18 m<br \/>\n100 mm x 18 m<\/p>\n<p>Marque: SL Adhesive &amp; Safety<\/p>\n","protected":false},"excerpt":{"rendered":"<p>Bande antid\u00e9rapante en corindon \u00e0 gros grains (36 grit) avec adh\u00e9sif acrylique \u00e0 solvant modifi\u00e9. <\/p>\n<p>R13 certifi\u00e9 selon les crit\u00e8res de r\u00e9sistance au glissement des nouvelles normes UNI EN 16165:2021 et DIN EN 16165:2023-02 (c&rsquo;est-\u00e0-dire le plus haut niveau possible de s\u00e9curit\u00e9 et de r\u00e9sistance au glissement).<\/p>\n<p>En raison de l&rsquo;\u00e9paisseur du grain, il est n\u00e9cessaire pour les applications extr\u00eames o\u00f9 une bande antid\u00e9rapante normale ne fonctionnerait pas en raison de l&rsquo;accumulation de salet\u00e9, de boue et de d\u00e9bris. <\/p>\n<p>Excellente r\u00e9sistance au pi\u00e9tinement, aux intemp\u00e9ries et aux rayons UV, aux huiles, aux d\u00e9tergents et aux solvants.<\/p>\n","protected":false},"featured_media":1411,"template":"","meta":[],"product_brand":[],"product_cat":[635,225],"product_tag":[468,632],"class_list":{"0":"post-2250","1":"product","2":"type-product","3":"status-publish","4":"has-post-thumbnail","6":"product_cat-rubans-antiderapants","7":"product_cat-nastri-sicurezza-fr","8":"product_tag-adhesif-acrylique","9":"product_tag-utilisation-en-exterieur","11":"first","12":"instock","13":"taxable","14":"shipping-taxable","15":"purchasable","16":"product-type-variable"},"_links":{"self":[{"href":"https:\/\/shop.s-line.it\/fr\/wp-json\/wp\/v2\/product\/2250","targetHints":{"allow":["GET"]}}],"collection":[{"href":"https:\/\/shop.s-line.it\/fr\/wp-json\/wp\/v2\/product"}],"about":[{"href":"https:\/\/shop.s-line.it\/fr\/wp-json\/wp\/v2\/types\/product"}],"wp:featuredmedia":[{"embeddable":true,"href":"https:\/\/shop.s-line.it\/fr\/wp-json\/wp\/v2\/media\/1411"}],"wp:attachment":[{"href":"https:\/\/shop.s-line.it\/fr\/wp-json\/wp\/v2\/media?parent=2250"}],"wp:term":[{"taxonomy":"product_brand","embeddable":true,"href":"https:\/\/shop.s-line.it\/fr\/wp-json\/wp\/v2\/product_brand?post=2250"},{"taxonomy":"product_cat","embeddable":true,"href":"https:\/\/shop.s-line.it\/fr\/wp-json\/wp\/v2\/product_cat?post=2250"},{"taxonomy":"product_tag","embeddable":true,"href":"https:\/\/shop.s-line.it\/fr\/wp-json\/wp\/v2\/product_tag?post=2250"}],"curies":[{"name":"wp","href":"https:\/\/api.w.org\/{rel}","templated":true}]}}