{"id":2258,"date":"2013-08-10T10:26:25","date_gmt":"2021-05-28T12:25:21","guid":{"rendered":"https:\/\/shop.s-line.it\/prodotto\/f819-f832-mousse-adhesive-double-face-blanche\/"},"modified":"2022-01-28T10:55:25","modified_gmt":"2022-01-28T09:55:25","slug":"schiuma-biadesiva-bianca-2","status":"publish","type":"product","link":"https:\/\/shop.s-line.it\/fr\/prodotto\/schiuma-biadesiva-bianca-2\/","title":{"rendered":"F819 &#8211; F832 Mousses PE adh\u00e9sives double faces blanches"},"content":{"rendered":"<p><strong>F819 &#8211; F832 Mousses PE adh\u00e9sives double faces blanches<\/strong><\/p>\n<p>Mousse PE double face blanche, \u00e0 cellules ferm\u00e9es, \u00e9paisseur 0.80 mm (F819) et 2.00 mm (F832), adh\u00e9sif acrylique \u00e0 solvant, protecteur papier bisiliconate blanche. Bonne r\u00e9sistance aux plastifiants, huiles, solvants et rayons UV.<\/p>\n<div>\n<p><em>Caract\u00e9ristiques techniques F819:<\/em><\/p>\n<p>\u00c9paisseur: 0.80 mm<br \/>\nProtecteur: papier bisiliconate blanche 110 gr\/m2<br \/>\nSupport: mousse de poly\u00e9thyl\u00e8ne blanche<br \/>\nDensit\u00e9: 100 kg\/m3<br \/>\nAdh\u00e9sif: acrylique \u00e0 solvant<\/p>\n<p><em>Tailles des rouleaux disponibles:<\/em><\/p>\n<p>19 mm x 10 m<br \/>\n25 mm x 10 m<\/p>\n<p>Marque: SL Adhesive &amp; Safety<\/p>\n<hr \/>\n<p><em>Caract\u00e9ristiques techniques F832:<\/em><\/p>\n<p>\u00c9paisseur: 2.00 mm<br \/>\nProtecteur : papier bisiliconate blanche 110 gr\/m2<br \/>\nSupport: mousse de poly\u00e9thyl\u00e8ne blanche<br \/>\nDensit\u00e9: 67 kg\/m3<br \/>\nAdh\u00e9sif: acrylique \u00e0 solvant<\/p>\n<p><em>Tailles des rouleaux disponibles:<\/em><\/p>\n<p>19 mm x 5 m<br \/>\n25 mm x 5 m<\/p>\n<p>Marque: SL Adhesive &amp; Safety<\/p>\n<\/div>\n","protected":false},"excerpt":{"rendered":"<p>Mousse PE double face blanche, \u00e0 cellules ferm\u00e9es, \u00e9paisseur 0.80 mm (F819) et 2.00 mm (F832), adh\u00e9sif acrylique \u00e0 solvant, protecteur papier bisiliconate blanche. Bonne r\u00e9sistance aux plastifiants, huiles, solvants et rayons UV.<\/p>\n","protected":false},"featured_media":1291,"template":"","meta":[],"product_brand":[],"product_cat":[218,525],"product_tag":[468,487,627],"class_list":{"0":"post-2258","1":"product","2":"type-product","3":"status-publish","4":"has-post-thumbnail","6":"product_cat-nastri-biadesivi-fr","7":"product_cat-mousses-pe-double-face","8":"product_tag-adhesif-acrylique","9":"product_tag-ruban-adhesif-double-face-pour-lassemblage","10":"product_tag-usage-interne","12":"first","13":"instock","14":"taxable","15":"shipping-taxable","16":"purchasable","17":"product-type-variable"},"_links":{"self":[{"href":"https:\/\/shop.s-line.it\/fr\/wp-json\/wp\/v2\/product\/2258","targetHints":{"allow":["GET"]}}],"collection":[{"href":"https:\/\/shop.s-line.it\/fr\/wp-json\/wp\/v2\/product"}],"about":[{"href":"https:\/\/shop.s-line.it\/fr\/wp-json\/wp\/v2\/types\/product"}],"wp:featuredmedia":[{"embeddable":true,"href":"https:\/\/shop.s-line.it\/fr\/wp-json\/wp\/v2\/media\/1291"}],"wp:attachment":[{"href":"https:\/\/shop.s-line.it\/fr\/wp-json\/wp\/v2\/media?parent=2258"}],"wp:term":[{"taxonomy":"product_brand","embeddable":true,"href":"https:\/\/shop.s-line.it\/fr\/wp-json\/wp\/v2\/product_brand?post=2258"},{"taxonomy":"product_cat","embeddable":true,"href":"https:\/\/shop.s-line.it\/fr\/wp-json\/wp\/v2\/product_cat?post=2258"},{"taxonomy":"product_tag","embeddable":true,"href":"https:\/\/shop.s-line.it\/fr\/wp-json\/wp\/v2\/product_tag?post=2258"}],"curies":[{"name":"wp","href":"https:\/\/api.w.org\/{rel}","templated":true}]}}