{"id":2263,"date":"2013-08-10T10:09:03","date_gmt":"2021-05-28T12:26:24","guid":{"rendered":"https:\/\/shop.s-line.it\/prodotto\/s969-ruban-polyester-transparent-double-face\/"},"modified":"2022-06-22T15:30:00","modified_gmt":"2022-06-22T13:30:00","slug":"nastro-biadesivo-trasparente-in-poliestere-2","status":"publish","type":"product","link":"https:\/\/shop.s-line.it\/fr\/prodotto\/nastro-biadesivo-trasparente-in-poliestere-2\/","title":{"rendered":"S969 Bande polyester double face transparent"},"content":{"rendered":"<p><strong>S969 Bande polyester double face\u00a0<\/strong><b>transparent\u00a0<\/b><\/p>\n<p>Bande en polyester double face transparent \u00e0 tr\u00e8s haute adh\u00e9rence, \u00e9paisseur 0.20 mm, adh\u00e9sif acrylique \u00e0 solvant modifi\u00e9, protecteur en polypropyl\u00e8ne rouge. L&rsquo;adh\u00e9sif acrylique sp\u00e9cial modifi\u00e9 par des solvants garantit une r\u00e9sistance maximale aux plastifiants et aux rayons UV.<\/p>\n<div>\n<p><em>Caract\u00e9ristiques techniques:<\/em><\/p>\n<p>\u00c9paisseur: 200 \u00b5 (0.20 mm)<br \/>\nProtecteur: polypropyl\u00e8ne rouge<br \/>\nSupport: polyester<br \/>\nAdh\u00e9sif: acrylique \u00e0 solvant modifi\u00e9<\/p>\n<p><em>Tailles des rouleaux disponibles:<\/em><\/p>\n<p>19 mm x 10 m<br \/>\n19 mm x 50 m<br \/>\n25 mm x 10 m<br \/>\n25 mm x 50 m<\/p>\n<p>Marque: SL Adhesive &amp; Safety<\/p>\n<\/div>\n","protected":false},"excerpt":{"rendered":"<p>Bande en polyester double face transparent \u00e0 tr\u00e8s haute adh\u00e9rence, \u00e9paisseur 0.20 mm, adh\u00e9sif acrylique \u00e0 solvant modifi\u00e9, protecteur en polypropyl\u00e8ne rouge. L&rsquo;adh\u00e9sif acrylique sp\u00e9cial modifi\u00e9 par des solvants garantit une r\u00e9sistance maximale aux plastifiants et aux rayons UV.<\/p>\n","protected":false},"featured_media":1326,"template":"","meta":[],"product_brand":[],"product_cat":[218,540],"product_tag":[468,510,487,627,632],"class_list":{"0":"post-2263","1":"product","2":"type-product","3":"status-publish","4":"has-post-thumbnail","6":"product_cat-nastri-biadesivi-fr","7":"product_cat-ruban-tnt-double-face","8":"product_tag-adhesif-acrylique","9":"product_tag-adhesion-forte","10":"product_tag-ruban-adhesif-double-face-pour-lassemblage","11":"product_tag-usage-interne","12":"product_tag-utilisation-en-exterieur","14":"first","15":"instock","16":"taxable","17":"shipping-taxable","18":"purchasable","19":"product-type-variable"},"_links":{"self":[{"href":"https:\/\/shop.s-line.it\/fr\/wp-json\/wp\/v2\/product\/2263","targetHints":{"allow":["GET"]}}],"collection":[{"href":"https:\/\/shop.s-line.it\/fr\/wp-json\/wp\/v2\/product"}],"about":[{"href":"https:\/\/shop.s-line.it\/fr\/wp-json\/wp\/v2\/types\/product"}],"wp:featuredmedia":[{"embeddable":true,"href":"https:\/\/shop.s-line.it\/fr\/wp-json\/wp\/v2\/media\/1326"}],"wp:attachment":[{"href":"https:\/\/shop.s-line.it\/fr\/wp-json\/wp\/v2\/media?parent=2263"}],"wp:term":[{"taxonomy":"product_brand","embeddable":true,"href":"https:\/\/shop.s-line.it\/fr\/wp-json\/wp\/v2\/product_brand?post=2263"},{"taxonomy":"product_cat","embeddable":true,"href":"https:\/\/shop.s-line.it\/fr\/wp-json\/wp\/v2\/product_cat?post=2263"},{"taxonomy":"product_tag","embeddable":true,"href":"https:\/\/shop.s-line.it\/fr\/wp-json\/wp\/v2\/product_tag?post=2263"}],"curies":[{"name":"wp","href":"https:\/\/api.w.org\/{rel}","templated":true}]}}