{"id":2266,"date":"2013-08-10T09:30:18","date_gmt":"2021-05-28T12:27:26","guid":{"rendered":"https:\/\/shop.s-line.it\/prodotto\/s979-ruban-pvc-double-face-blanc\/"},"modified":"2022-06-22T18:52:07","modified_gmt":"2022-06-22T16:52:07","slug":"nastro-biadesivo-tessuto-non-tessuto-2-2","status":"publish","type":"product","link":"https:\/\/shop.s-line.it\/fr\/prodotto\/nastro-biadesivo-tessuto-non-tessuto-2-2\/","title":{"rendered":"S979 Bande PVC double face blanche"},"content":{"rendered":"<p><strong>S979 Bande PVC double face blanche<\/strong><\/p>\n<p>Bande double face avec support en PVC blanc, \u00e9paisseur 0.22 mm, adh\u00e9sif acrylique \u00e0 solvant modifi\u00e9, protecteur papier bisiliconate havane. Excellente r\u00e9sistance aux plastifiants et aux rayons UV.<\/p>\n<div>\n<p><em>Caract\u00e9ristiques techniques:<\/em><\/p>\n<p>\u00c9paisseur: 220 \u00b5 (0.22 mm)<br \/>\nProtecteur: papier bisiliconate havane 110 gr\/m2<br \/>\nSupport: chlorure de polyvinyle blanc<br \/>\nAdh\u00e9sif: acrylique \u00e0 solvant modifi\u00e9<\/p>\n<p><em>Tailles des rouleaux disponibles:<\/em><\/p>\n<p>19 mm x 10 m<br \/>\n19 mm x 50 m<br \/>\n25 mm x 10 m<br \/>\n25 mm x 50 m<\/p>\n<p>Marque: SL Adhesive &amp; Safety<\/p>\n<\/div>\n","protected":false},"excerpt":{"rendered":"<p>Bande double face avec support en PVC blanc, \u00e9paisseur 0.22 mm, adh\u00e9sif acrylique \u00e0 solvant modifi\u00e9, Protecteur papier bisiliconate havane. Excellente r\u00e9sistance aux plastifiants et aux rayons UV.<\/p>\n","protected":false},"featured_media":1506,"template":"","meta":[],"product_brand":[],"product_cat":[218,545],"product_tag":[468,510,487,627],"class_list":{"0":"post-2266","1":"product","2":"type-product","3":"status-publish","4":"has-post-thumbnail","6":"product_cat-nastri-biadesivi-fr","7":"product_cat-ruban-double-face-autres-supports","8":"product_tag-adhesif-acrylique","9":"product_tag-adhesion-forte","10":"product_tag-ruban-adhesif-double-face-pour-lassemblage","11":"product_tag-usage-interne","13":"first","14":"instock","15":"taxable","16":"shipping-taxable","17":"purchasable","18":"product-type-variable"},"_links":{"self":[{"href":"https:\/\/shop.s-line.it\/fr\/wp-json\/wp\/v2\/product\/2266","targetHints":{"allow":["GET"]}}],"collection":[{"href":"https:\/\/shop.s-line.it\/fr\/wp-json\/wp\/v2\/product"}],"about":[{"href":"https:\/\/shop.s-line.it\/fr\/wp-json\/wp\/v2\/types\/product"}],"wp:featuredmedia":[{"embeddable":true,"href":"https:\/\/shop.s-line.it\/fr\/wp-json\/wp\/v2\/media\/1506"}],"wp:attachment":[{"href":"https:\/\/shop.s-line.it\/fr\/wp-json\/wp\/v2\/media?parent=2266"}],"wp:term":[{"taxonomy":"product_brand","embeddable":true,"href":"https:\/\/shop.s-line.it\/fr\/wp-json\/wp\/v2\/product_brand?post=2266"},{"taxonomy":"product_cat","embeddable":true,"href":"https:\/\/shop.s-line.it\/fr\/wp-json\/wp\/v2\/product_cat?post=2266"},{"taxonomy":"product_tag","embeddable":true,"href":"https:\/\/shop.s-line.it\/fr\/wp-json\/wp\/v2\/product_tag?post=2266"}],"curies":[{"name":"wp","href":"https:\/\/api.w.org\/{rel}","templated":true}]}}