{"id":2310,"date":"2013-08-09T21:58:02","date_gmt":"2021-05-28T12:29:39","guid":{"rendered":"https:\/\/shop.s-line.it\/prodotto\/bande-vinyle-antiderapante-resilient-60\/"},"modified":"2022-01-28T10:56:17","modified_gmt":"2022-01-28T09:56:17","slug":"resilient-60-2","status":"publish","type":"product","link":"https:\/\/shop.s-line.it\/fr\/prodotto\/resilient-60-2\/","title":{"rendered":"Resilient 60 grit"},"content":{"rendered":"<p><strong>RESILIENT 60<\/strong><br \/>\n<strong>ruban vinyle antid\u00e9rapant<\/strong><\/p>\n<p>Ruban pour usage int\u00e9rieur constitu\u00e9 d&rsquo;un film plastique vinylique antid\u00e9rapant de 60 grit\u00a0lamin\u00e9 sur un support en polyester avec un adh\u00e9sif acrylique \u00e0 solvant modifi\u00e9.<\/p>\n<div>\n<p><em>Caract\u00e9ristiques techniques:<\/em><\/p>\n<p>Epaisseur : 60 grit<br \/>\nProtecteur: papier monosiliconate blanche<br \/>\nSupport: film vinyle gaufr\u00e9<br \/>\nAdh\u00e9sif: acrylique \u00e0 solvant modifi\u00e9<\/p>\n<p><em>Couleurs disponibles: Noir, Blanc, Transparent, Gris.<\/em><\/p>\n<p><em>Tailles des rouleaux\u00a0<\/em><i>disponibles:<\/i><\/p>\n<p>19 mm x 18 m<br \/>\n25 mm x 18 m<br \/>\n50 mm x 18 m<br \/>\n100 mm x 18 m<\/p>\n<p>Marque: SL Adhesive &amp; Safety<\/p>\n<\/div>\n","protected":false},"excerpt":{"rendered":"<p>Ruban pour usage int\u00e9rieur constitu\u00e9 d&rsquo;un film plastique vinylique antid\u00e9rapant de 60 grit lamin\u00e9 sur un support en polyester avec un adh\u00e9sif acrylique \u00e0 solvant modifi\u00e9.<\/p>\n","protected":false},"featured_media":1316,"template":"","meta":[],"product_brand":[],"product_cat":[635,225],"product_tag":[468,627],"class_list":{"0":"post-2310","1":"product","2":"type-product","3":"status-publish","4":"has-post-thumbnail","6":"product_cat-rubans-antiderapants","7":"product_cat-nastri-sicurezza-fr","8":"product_tag-adhesif-acrylique","9":"product_tag-usage-interne","11":"first","12":"instock","13":"taxable","14":"shipping-taxable","15":"purchasable","16":"product-type-variable"},"_links":{"self":[{"href":"https:\/\/shop.s-line.it\/fr\/wp-json\/wp\/v2\/product\/2310","targetHints":{"allow":["GET"]}}],"collection":[{"href":"https:\/\/shop.s-line.it\/fr\/wp-json\/wp\/v2\/product"}],"about":[{"href":"https:\/\/shop.s-line.it\/fr\/wp-json\/wp\/v2\/types\/product"}],"wp:featuredmedia":[{"embeddable":true,"href":"https:\/\/shop.s-line.it\/fr\/wp-json\/wp\/v2\/media\/1316"}],"wp:attachment":[{"href":"https:\/\/shop.s-line.it\/fr\/wp-json\/wp\/v2\/media?parent=2310"}],"wp:term":[{"taxonomy":"product_brand","embeddable":true,"href":"https:\/\/shop.s-line.it\/fr\/wp-json\/wp\/v2\/product_brand?post=2310"},{"taxonomy":"product_cat","embeddable":true,"href":"https:\/\/shop.s-line.it\/fr\/wp-json\/wp\/v2\/product_cat?post=2310"},{"taxonomy":"product_tag","embeddable":true,"href":"https:\/\/shop.s-line.it\/fr\/wp-json\/wp\/v2\/product_tag?post=2310"}],"curies":[{"name":"wp","href":"https:\/\/api.w.org\/{rel}","templated":true}]}}