{"id":2346,"date":"2021-04-27T17:49:34","date_gmt":"2021-05-28T12:33:01","guid":{"rendered":"https:\/\/shop.s-line.it\/prodotto\/applicateur-atg-900-pour-les-rubans-de-transfert-atg\/"},"modified":"2022-01-28T10:56:25","modified_gmt":"2022-01-28T09:56:25","slug":"atg-900-2","status":"publish","type":"product","link":"https:\/\/shop.s-line.it\/fr\/prodotto\/atg-900-2\/","title":{"rendered":"ATG 900 Applicateur pour les bandes transfert ATG"},"content":{"rendered":"<p><strong>ATG900 APPLICATEUR POUR LES BANDES TRANSFERT ATG<\/strong><\/p>\n<p>Applicateur pratique qui, gr\u00e2ce \u00e0 son m\u00e9canisme \u00e0 engrenages et \u00e0 deux rouleaux frontaux solides recouverts de caoutchouc de silicone, assure une application pr\u00e9cise, rapide et propre du ruban, permettant en m\u00eame temps de r\u00e9cup\u00e9rer le papier. La quantit\u00e9 de produit \u00e0 utiliser peut \u00eatre facilement dos\u00e9e gr\u00e2ce \u00e0 la g\u00e2chette de distribution sensible.<\/p>\n<p>L&#8217;emballage comprend un adaptateur pour les rouleaux de 6 mm avec un noyau perfor\u00e9 \u00e0 double chambre (Pcore).<\/p>\n","protected":false},"excerpt":{"rendered":"<p>Applicateur pratique qui, gr\u00e2ce \u00e0 son m\u00e9canisme \u00e0 engrenages et \u00e0 deux rouleaux frontaux solides recouverts de caoutchouc de silicone, assure une application pr\u00e9cise, rapide et propre du ruban, permettant en m\u00eame temps de r\u00e9cup\u00e9rer le papier. La quantit\u00e9 de produit \u00e0 utiliser peut \u00eatre facilement dos\u00e9e gr\u00e2ce \u00e0 la g\u00e2chette de distribution sensible. L&#8217;emballage comprend un adaptateur pour les rouleaux de 6 mm avec un noyau perfor\u00e9 \u00e0 double chambre (Pcore).<\/p>\n","protected":false},"featured_media":1301,"template":"","meta":[],"product_brand":[],"product_cat":[598,218,515],"product_tag":[477,482],"class_list":{"0":"post-2346","1":"product","2":"type-product","3":"status-publish","4":"has-post-thumbnail","6":"product_cat-atg-et-pcore","7":"product_cat-nastri-biadesivi-fr","8":"product_cat-bandes-de-transfert","9":"product_tag-applicable-avec-le-distributeur-atg900","10":"product_tag-art-graphique","12":"first","13":"instock","14":"featured","15":"taxable","16":"shipping-taxable","17":"purchasable","18":"product-type-variable"},"_links":{"self":[{"href":"https:\/\/shop.s-line.it\/fr\/wp-json\/wp\/v2\/product\/2346","targetHints":{"allow":["GET"]}}],"collection":[{"href":"https:\/\/shop.s-line.it\/fr\/wp-json\/wp\/v2\/product"}],"about":[{"href":"https:\/\/shop.s-line.it\/fr\/wp-json\/wp\/v2\/types\/product"}],"wp:featuredmedia":[{"embeddable":true,"href":"https:\/\/shop.s-line.it\/fr\/wp-json\/wp\/v2\/media\/1301"}],"wp:attachment":[{"href":"https:\/\/shop.s-line.it\/fr\/wp-json\/wp\/v2\/media?parent=2346"}],"wp:term":[{"taxonomy":"product_brand","embeddable":true,"href":"https:\/\/shop.s-line.it\/fr\/wp-json\/wp\/v2\/product_brand?post=2346"},{"taxonomy":"product_cat","embeddable":true,"href":"https:\/\/shop.s-line.it\/fr\/wp-json\/wp\/v2\/product_cat?post=2346"},{"taxonomy":"product_tag","embeddable":true,"href":"https:\/\/shop.s-line.it\/fr\/wp-json\/wp\/v2\/product_tag?post=2346"}],"curies":[{"name":"wp","href":"https:\/\/api.w.org\/{rel}","templated":true}]}}