{"id":2348,"date":"2021-04-28T16:50:41","date_gmt":"2021-05-28T12:34:26","guid":{"rendered":"https:\/\/shop.s-line.it\/prodotto\/rubans-davertissement-photoluminescents\/"},"modified":"2022-01-28T11:08:23","modified_gmt":"2022-01-28T10:08:23","slug":"nastri-segnaletici-fotoluminescenti","status":"publish","type":"product","link":"https:\/\/shop.s-line.it\/fr\/prodotto\/nastri-segnaletici-fotoluminescenti\/","title":{"rendered":"Bandes de signalisation photoluminescentes"},"content":{"rendered":"<p><b>BANDES DE SIGNALISATION PHOTOLUMINESCENTES<\/b><\/p>\n<p>Bandes photoluminescentes\u00a0\u00e0 une face, avec un support en vinyle et un adh\u00e9sif acrylique \u00e0 solvant modifi\u00e9. Visible dans l&rsquo;obscurit\u00e9 apr\u00e8s avoir \u00e9t\u00e9 expos\u00e9 \u00e0 la lumi\u00e8re.<\/p>\n<p><i>Formats disponibles:<\/i><\/p>\n<p>Sortie de secours (fl\u00e8che droite) rouleau de 50 mm x 5 m<br \/>\nSortie de\u00a0secours (fl\u00e8che gauche) rouleau 50 mm x 5 m<br \/>\nFl\u00e9che verte (avec fond photoluminescent) rouleau de 40 mm x 10 m<br \/>\nDiagonale verte (photoluminescente\/verte) rouleau de 40 mm x 10 m<br \/>\nDiagonale rouge (photoluminescent\/rouge) rouleau de 40 mm x 10 m<\/p>\n<p>Marque: SL Adhesive &amp; Safety<\/p>\n<div class=\"related related-products-wrapper product-section\"><\/div>\n","protected":false},"excerpt":{"rendered":"<p>Bandes photoluminescentes\u00a0\u00e0 une face, avec un support en vinyle et un adh\u00e9sif acrylique \u00e0 solvant modifi\u00e9. Visible dans l&rsquo;obscurit\u00e9 apr\u00e8s avoir \u00e9t\u00e9 expos\u00e9 \u00e0 la lumi\u00e8re.<\/p>\n","protected":false},"featured_media":1376,"template":"","meta":[],"product_brand":[],"product_cat":[225,651,647],"product_tag":[627,501],"class_list":{"0":"post-2348","1":"product","2":"type-product","3":"status-publish","4":"has-post-thumbnail","6":"product_cat-nastri-sicurezza-fr","7":"product_cat-bandes-photoluminescentes","8":"product_cat-produits-de-signalisation","9":"product_tag-usage-interne","10":"product_tag-zones-de-delimitation","12":"first","13":"instock","14":"featured","15":"taxable","16":"shipping-taxable","17":"purchasable","18":"product-type-variable"},"_links":{"self":[{"href":"https:\/\/shop.s-line.it\/fr\/wp-json\/wp\/v2\/product\/2348","targetHints":{"allow":["GET"]}}],"collection":[{"href":"https:\/\/shop.s-line.it\/fr\/wp-json\/wp\/v2\/product"}],"about":[{"href":"https:\/\/shop.s-line.it\/fr\/wp-json\/wp\/v2\/types\/product"}],"wp:featuredmedia":[{"embeddable":true,"href":"https:\/\/shop.s-line.it\/fr\/wp-json\/wp\/v2\/media\/1376"}],"wp:attachment":[{"href":"https:\/\/shop.s-line.it\/fr\/wp-json\/wp\/v2\/media?parent=2348"}],"wp:term":[{"taxonomy":"product_brand","embeddable":true,"href":"https:\/\/shop.s-line.it\/fr\/wp-json\/wp\/v2\/product_brand?post=2348"},{"taxonomy":"product_cat","embeddable":true,"href":"https:\/\/shop.s-line.it\/fr\/wp-json\/wp\/v2\/product_cat?post=2348"},{"taxonomy":"product_tag","embeddable":true,"href":"https:\/\/shop.s-line.it\/fr\/wp-json\/wp\/v2\/product_tag?post=2348"}],"curies":[{"name":"wp","href":"https:\/\/api.w.org\/{rel}","templated":true}]}}