{"id":2355,"date":"2021-04-28T17:04:08","date_gmt":"2021-05-28T12:36:48","guid":{"rendered":"https:\/\/shop.s-line.it\/prodotto\/bandes-antiderapantes-avec-bandes-reflechissantes-et-photoluminescentes\/"},"modified":"2022-01-28T10:56:33","modified_gmt":"2022-01-28T09:56:33","slug":"strisce-antiscivolo-con-banda-riflettente-e-fotoluminescente","status":"publish","type":"product","link":"https:\/\/shop.s-line.it\/fr\/prodotto\/strisce-antiscivolo-con-banda-riflettente-e-fotoluminescente\/","title":{"rendered":"Bandes antid\u00e9rapantes avec bandes r\u00e9fl\u00e9chissantes et photoluminescentes"},"content":{"rendered":"<p><b>BANDES ANTID\u00c9RAPANTES AVEC BANDES R\u00c9FL\u00c9CHISSANTES ET PHOTOLUMINESCENTES <\/b><\/p>\n<section class=\"section-sm\">Bandes antid\u00e9rapantes avec support en corindon et compos\u00e9es d&rsquo;un adh\u00e9sif acrylique fort \u00e1 solvant modifi\u00e9. Chaque bande comporte un ruban qui peut \u00eatre photoluminescent ou r\u00e9fl\u00e9chissant et de diff\u00e9rentes couleurs. Particuli\u00e8rement adapt\u00e9 pour marquer les marches, les escaliers, les voies de sortie et pr\u00e9venir les chutes gr\u00e2ce \u00e0 ses propri\u00e9t\u00e9s antid\u00e9rapantes.<br \/>\n<em><br \/>\nCaract\u00e9ristiques techniques:<br \/>\n<\/em><br \/>\nEpaisseur: 60 grit<br \/>\nProtecteur: papier mono-siliconate blanche<br \/>\nSupport: particules abrasives de corindon<br \/>\nAdh\u00e9sif: acrylique \u00e0 solvant modifi\u00e9<\/section>\n<section><\/section>\n<section class=\"section-sm\">\n<em><br \/>\nDisponible en bandes pr\u00e9d\u00e9coup\u00e9es de 150 mm x 600 mm dans les versions suivantes:<br \/>\n<\/em><br \/>\nS-11 R\u00e9fl\u00e9chissant (jaune)<br \/>\nS-12 Photoluminescent (blanc)<br \/>\nS-13 Photoluminescent et r\u00e9fl\u00e9chissant (jaune)<br \/>\nS-14 Photoluminescent et r\u00e9fl\u00e9chissant (jaune\/noir)<br \/>\nS-15 Photoluminescent et r\u00e9fl\u00e9chissant (rouge\/blanc)Marque: SL Adhesive &amp; Safety<\/p>\n<\/section>\n","protected":false},"excerpt":{"rendered":"<p>Bandes antid\u00e9rapantes avec support en corindon et compos\u00e9es d&rsquo;un adh\u00e9sif acrylique fort \u00e1 solvant modifi\u00e9. Chaque bande comporte un ruban qui peut \u00eatre photoluminescent ou r\u00e9fl\u00e9chissant et de diff\u00e9rentes couleurs. Particuli\u00e8rement adapt\u00e9 pour marquer les marches, les escaliers, les voies de sortie et pr\u00e9venir les chutes gr\u00e2ce \u00e0 ses propri\u00e9t\u00e9s antid\u00e9rapantes.<\/p>\n","protected":false},"featured_media":1381,"template":"","meta":[],"product_brand":[],"product_cat":[635,225,651,647],"product_tag":[468,627,632,501],"class_list":{"0":"post-2355","1":"product","2":"type-product","3":"status-publish","4":"has-post-thumbnail","6":"product_cat-rubans-antiderapants","7":"product_cat-nastri-sicurezza-fr","8":"product_cat-bandes-photoluminescentes","9":"product_cat-produits-de-signalisation","10":"product_tag-adhesif-acrylique","11":"product_tag-usage-interne","12":"product_tag-utilisation-en-exterieur","13":"product_tag-zones-de-delimitation","15":"first","16":"instock","17":"featured","18":"taxable","19":"shipping-taxable","20":"purchasable","21":"product-type-variable"},"_links":{"self":[{"href":"https:\/\/shop.s-line.it\/fr\/wp-json\/wp\/v2\/product\/2355","targetHints":{"allow":["GET"]}}],"collection":[{"href":"https:\/\/shop.s-line.it\/fr\/wp-json\/wp\/v2\/product"}],"about":[{"href":"https:\/\/shop.s-line.it\/fr\/wp-json\/wp\/v2\/types\/product"}],"wp:featuredmedia":[{"embeddable":true,"href":"https:\/\/shop.s-line.it\/fr\/wp-json\/wp\/v2\/media\/1381"}],"wp:attachment":[{"href":"https:\/\/shop.s-line.it\/fr\/wp-json\/wp\/v2\/media?parent=2355"}],"wp:term":[{"taxonomy":"product_brand","embeddable":true,"href":"https:\/\/shop.s-line.it\/fr\/wp-json\/wp\/v2\/product_brand?post=2355"},{"taxonomy":"product_cat","embeddable":true,"href":"https:\/\/shop.s-line.it\/fr\/wp-json\/wp\/v2\/product_cat?post=2355"},{"taxonomy":"product_tag","embeddable":true,"href":"https:\/\/shop.s-line.it\/fr\/wp-json\/wp\/v2\/product_tag?post=2355"}],"curies":[{"name":"wp","href":"https:\/\/api.w.org\/{rel}","templated":true}]}}