{"id":2361,"date":"2021-04-28T17:24:59","date_gmt":"2021-05-28T12:38:07","guid":{"rendered":"https:\/\/shop.s-line.it\/prodotto\/bande-antiderapante-photoluminescente\/"},"modified":"2022-01-28T10:56:37","modified_gmt":"2022-01-28T09:56:37","slug":"nastri-antiscivolo-fotoluminescenti-2","status":"publish","type":"product","link":"https:\/\/shop.s-line.it\/fr\/prodotto\/nastri-antiscivolo-fotoluminescenti-2\/","title":{"rendered":"Bande antid\u00e9rapante photoluminescente"},"content":{"rendered":"<p><b>BANDE ANTID\u00c9RAPANT PHOTOLUMINESCENT <\/b><\/p>\n<section class=\"section-sm\">Bande antid\u00e9rapante sp\u00e9ciale avec un support en corindon \u00e0 grains fins et un adh\u00e9sif acrylique \u00e0 solvant modifi\u00e9. Produit particuli\u00e8rement adapt\u00e9 \u00e0 la pose sur les sols et les marches pour pr\u00e9venir les risques de chute. Excellente r\u00e9sistance au pi\u00e9tinement, aux agents atmosph\u00e9riques, aux rayons UV, aux huiles, aux d\u00e9tergents et aux solvants.<\/section>\n<section><\/section>\n<section>\n<div>\n<p><em><br \/>\nCaract\u00e9ristiques techniques:<\/em><\/p>\n<p>Epaisseur: 60 grit<br \/>\nProtecteur: papier monosiliconate blanche<br \/>\nSupport: particules abrasives de corindon luminescent<br \/>\nAdh\u00e9sif: acrylique \u00e0 solvant modifi\u00e9<\/p>\n<p><em>Tailles des rouleaux\u00a0<\/em><i>disponibles:<\/i><\/p>\n<p>19 mm x 16.5 m<br \/>\n25 mm x 16.5 m<br \/>\n50 mm x 16.5 m<br \/>\n100 mm x 16.5 m<\/p>\n<p>Marque: SL Adhesive &amp; Safety<\/p>\n<\/div>\n<\/section>\n","protected":false},"excerpt":{"rendered":"<p>Bande antid\u00e9rapante sp\u00e9ciale avec un support en corindon \u00e0 grains fins et un adh\u00e9sif acrylique \u00e0 solvant modifi\u00e9. Produit particuli\u00e8rement adapt\u00e9 \u00e0 la pose sur les sols et les marches pour pr\u00e9venir les risques de chute. Excellente r\u00e9sistance au pi\u00e9tinement, aux agents atmosph\u00e9riques, aux rayons UV, aux huiles, aux d\u00e9tergents et aux solvants.<\/p>\n","protected":false},"featured_media":1386,"template":"","meta":[],"product_brand":[],"product_cat":[225,647],"product_tag":[468,627,632,501],"class_list":{"0":"post-2361","1":"product","2":"type-product","3":"status-publish","4":"has-post-thumbnail","6":"product_cat-nastri-sicurezza-fr","7":"product_cat-produits-de-signalisation","8":"product_tag-adhesif-acrylique","9":"product_tag-usage-interne","10":"product_tag-utilisation-en-exterieur","11":"product_tag-zones-de-delimitation","13":"first","14":"instock","15":"featured","16":"taxable","17":"shipping-taxable","18":"purchasable","19":"product-type-variable"},"_links":{"self":[{"href":"https:\/\/shop.s-line.it\/fr\/wp-json\/wp\/v2\/product\/2361","targetHints":{"allow":["GET"]}}],"collection":[{"href":"https:\/\/shop.s-line.it\/fr\/wp-json\/wp\/v2\/product"}],"about":[{"href":"https:\/\/shop.s-line.it\/fr\/wp-json\/wp\/v2\/types\/product"}],"wp:featuredmedia":[{"embeddable":true,"href":"https:\/\/shop.s-line.it\/fr\/wp-json\/wp\/v2\/media\/1386"}],"wp:attachment":[{"href":"https:\/\/shop.s-line.it\/fr\/wp-json\/wp\/v2\/media?parent=2361"}],"wp:term":[{"taxonomy":"product_brand","embeddable":true,"href":"https:\/\/shop.s-line.it\/fr\/wp-json\/wp\/v2\/product_brand?post=2361"},{"taxonomy":"product_cat","embeddable":true,"href":"https:\/\/shop.s-line.it\/fr\/wp-json\/wp\/v2\/product_cat?post=2361"},{"taxonomy":"product_tag","embeddable":true,"href":"https:\/\/shop.s-line.it\/fr\/wp-json\/wp\/v2\/product_tag?post=2361"}],"curies":[{"name":"wp","href":"https:\/\/api.w.org\/{rel}","templated":true}]}}