{"id":2366,"date":"2021-04-28T17:48:46","date_gmt":"2021-05-28T12:39:19","guid":{"rendered":"https:\/\/shop.s-line.it\/prodotto\/resilient-40-caoutchoute\/"},"modified":"2022-01-28T10:56:45","modified_gmt":"2022-01-28T09:56:45","slug":"resilient-40","status":"publish","type":"product","link":"https:\/\/shop.s-line.it\/fr\/prodotto\/resilient-40\/","title":{"rendered":"Resilient 40 grit"},"content":{"rendered":"<p><strong>RESILIENT 40 <\/strong><br \/>\n<strong>antid\u00e9rapant caoutchout\u00e9\u00a0<\/strong><\/p>\n<p>Bande compos\u00e9 d&rsquo;un film en caoutchouc antid\u00e9rapant gaufr\u00e9 de 40 grit, lamin\u00e9 sur un support en polyester, muni d&rsquo;un adh\u00e9sif acrylique \u00e0 solvant modifi\u00e9.<\/p>\n<p><em>Caract\u00e9ristiques techniques:<\/em><\/p>\n<p>Epaisseur: 40 grit<br \/>\nProtecteur: papier monosiliconate blanche<br \/>\nSupport: film de caoutchouc gaufr\u00e9<br \/>\nAdh\u00e9sif: acrylique \u00e0 solvant modifi\u00e9<\/p>\n<p><em>Couleurs disponibles: Noir, Gris<\/em><\/p>\n<p><em>Tailles de rouleau<\/em><i>disponibles:<\/i><\/p>\n<p>19 mm x 18 m<br \/>\n25 mm x 18 m<br \/>\n50 mm x 18 m<br \/>\n100 mm x 18 m<\/p>\n<p>Marque: SL Adhesive &amp; Safety<\/p>\n","protected":false},"excerpt":{"rendered":"<p>Ruban compos\u00e9 d&rsquo;un film en caoutchouc antid\u00e9rapant gaufr\u00e9 de 40 grit, lamin\u00e9 sur un support en polyester, muni d&rsquo;un adh\u00e9sif acrylique \u00e0 solvant modifi\u00e9.<\/p>\n","protected":false},"featured_media":1396,"template":"","meta":[],"product_brand":[],"product_cat":[635,225],"product_tag":[468,627,632],"class_list":{"0":"post-2366","1":"product","2":"type-product","3":"status-publish","4":"has-post-thumbnail","6":"product_cat-rubans-antiderapants","7":"product_cat-nastri-sicurezza-fr","8":"product_tag-adhesif-acrylique","9":"product_tag-usage-interne","10":"product_tag-utilisation-en-exterieur","12":"first","13":"instock","14":"taxable","15":"shipping-taxable","16":"purchasable","17":"product-type-variable"},"_links":{"self":[{"href":"https:\/\/shop.s-line.it\/fr\/wp-json\/wp\/v2\/product\/2366","targetHints":{"allow":["GET"]}}],"collection":[{"href":"https:\/\/shop.s-line.it\/fr\/wp-json\/wp\/v2\/product"}],"about":[{"href":"https:\/\/shop.s-line.it\/fr\/wp-json\/wp\/v2\/types\/product"}],"wp:featuredmedia":[{"embeddable":true,"href":"https:\/\/shop.s-line.it\/fr\/wp-json\/wp\/v2\/media\/1396"}],"wp:attachment":[{"href":"https:\/\/shop.s-line.it\/fr\/wp-json\/wp\/v2\/media?parent=2366"}],"wp:term":[{"taxonomy":"product_brand","embeddable":true,"href":"https:\/\/shop.s-line.it\/fr\/wp-json\/wp\/v2\/product_brand?post=2366"},{"taxonomy":"product_cat","embeddable":true,"href":"https:\/\/shop.s-line.it\/fr\/wp-json\/wp\/v2\/product_cat?post=2366"},{"taxonomy":"product_tag","embeddable":true,"href":"https:\/\/shop.s-line.it\/fr\/wp-json\/wp\/v2\/product_tag?post=2366"}],"curies":[{"name":"wp","href":"https:\/\/api.w.org\/{rel}","templated":true}]}}